{"id":32464,"date":"2015-04-16T11:41:47","date_gmt":"2015-04-16T11:41:47","guid":{"rendered":"http:\/\/csm-abogados.com\/inicio\/?lang=de"},"modified":"2021-12-15T14:43:44","modified_gmt":"2021-12-15T14:43:44","slug":"startseite","status":"publish","type":"page","link":"https:\/\/csm-abogados.com\/de\/","title":{"rendered":"Startseite"},"content":{"rendered":"<section class=\"wpb-content-wrapper\"><p>[vc_row][vc_column width=&#8220;1\/6&#8243;][\/vc_column][vc_column width=&#8220;2\/3&#8243;][vc_empty_space height=&#8220;64px&#8220;][vc_column_text]<\/p>\n<p style=\"text-align: center;\"><span style=\"color: #a78f68;\"><strong>CSM ABOGADOS<\/strong><\/span><\/p>\n<h1 style=\"text-align: center;\"><strong>Wir sind eine f\u00fchrende Kanzlei in den Bereichen Immobilien-, Zivil-, Steuer- und Strafrecht.<\/strong><br \/>\nSeit 1995 stehen wir Ihnen in Palma de Mallorca zu Diensten.<\/h1>\n<p>[\/vc_column_text][vc_empty_space][\/vc_column][vc_column width=&#8220;1\/6&#8243;][\/vc_column][\/vc_row][vc_row full_width=&#8220;stretch_row&#8220; css=&#8220;.vc_custom_1457634612523{margin-top: 0px !important;margin-bottom: 32px !important;padding-top: 180px !important;padding-bottom: 180px !important;background-image: url(http:\/\/csm-abogados.com\/wp\/wp-content\/uploads\/unnamed.jpg?id=32447) !important;}&#8220; enable_parallax=&#8220;false&#8220; parallax_speed=&#8220;0.1&#8243; anchor=&#8220;about&#8220; min_height=&#8220;600&#8243; el_id=&#8220;about&#8220;][vc_column width=&#8220;1\/2&#8243; css=&#8220;.vc_custom_1429072799363{padding-right: 5% !important;}&#8220;][vc_column_text css=&#8220;.vc_custom_1458051399992{margin-bottom: 10px !important;}&#8220;]<\/p>\n<p style=\"text-align: left;\"><span style=\"color: #a78f68;\"><strong>INNOVATION UND JURISTISCHE EXZELLENZ<\/strong><\/span><\/p>\n<p>[\/vc_column_text][vc_column_text]<\/p>\n<h1 class=\"text animate animated\" style=\"text-align: left;\">Eine Kanzlei mit lokalen Kenntnissen und internationaler Erfahrung.<\/h1>\n<p>[\/vc_column_text][vc_column_text]Ben\u00f6tigen Sie eine effektive rechtliche L\u00f6sung?<br \/>\nBei <strong>CSM-ABOGADOS<\/strong> widmen wir uns dem, was wir am liebsten tun: Ihren Fall verteidigen und Ihre Interessen vertreten. Unser Team setzt sich aus Fachanw\u00e4lten f\u00fcr Immobilienrecht, Zivilrecht, Steuer- und Strafrecht zusammen. Unsere rechtliche Beratung und Rechnungspr\u00fcfung zeichnet sich durch Exzellenz und Innovation aus. Bei <strong>CSM-ABOGADOS<\/strong> sind wir auf lokaler und auf internationaler Ebene t\u00e4tig. Verlassen Sie sich auf uns. Wir geben Ihnen juristische R\u00fcckendeckung und erzielen effektive L\u00f6sungen.[\/vc_column_text][vc_btn title=&#8220;DIE KANZLEI&#8220; style=&#8220;outline&#8220; shape=&#8220;square&#8220; color=&#8220;inherit&#8220; link=&#8220;url:%2Fde%2Fdie-kanzlei%2F||&#8220;][\/vc_column][vc_column width=&#8220;1\/2&#8243; css=&#8220;.vc_custom_1429072838538{background-position: center !important;background-repeat: no-repeat !important;background-size: cover !important;}&#8220;][vc_column_text]<br \/>\n[\/vc_column_text][\/vc_column][\/vc_row][vc_row enable_parallax=&#8220;&#8220; parallax_speed=&#8220;0.5&#8243;][vc_column][vc_empty_space height=&#8220;64px&#8220;][vc_column_text]<\/p>\n<p style=\"text-align: center;\"><span style=\"color: #a78f68;\"><strong>KOMPETENTE UND VERL\u00c4SSLICHE RECHTSBERATUNG<\/strong><\/span><\/p>\n<h1 style=\"text-align: center;\">Lernen Sie unsere Fachanw\u00e4lte kennen.<\/h1>\n<p>[\/vc_column_text][\/vc_column][\/vc_row][vc_row][vc_column width=&#8220;1\/3&#8243;]<div class=\"member style2\" onclick=\"void(0)\">\r\n                  <div class=\"member-image\"><a href='\/de\/das-team\/manuel-cerdo-haitz\/'><img src='https:\/\/csm-abogados.com\/wp\/wp-content\/uploads\/manuel_ch_RET.jpg' alt='image' \/><\/a><\/div>\r\n                  <div class=\"member-desc-inner\"><\/div>\r\n                  <div class=\"member-desc-warp\">\r\n                      <h3 class=\"title-sc member-name\"><a href=\"\/de\/das-team\/manuel-cerdo-haitz\/\">Manuel Cerd\u00f3 Haitz<\/a><\/h3>\r\n                      <p class=\"member-role\">Rechtsanwalt<\/p>\r\n                     \r\n                  <\/div>\r\n                <\/div>[vc_empty_space][\/vc_column][vc_column width=&#8220;1\/3&#8243;]<div class=\"member style2\" onclick=\"void(0)\">\r\n                  <div class=\"member-image\"><a href='\/de\/das-team\/francisco-sales-sureda\/'><img src='https:\/\/csm-abogados.com\/wp\/wp-content\/uploads\/franciscosales_RET.jpg' alt='image' \/><\/a><\/div>\r\n                  <div class=\"member-desc-inner\"><\/div>\r\n                  <div class=\"member-desc-warp\">\r\n                      <h3 class=\"title-sc member-name\"><a href=\"\/de\/das-team\/francisco-sales-sureda\/\">Francisco Sales Sureda<\/a><\/h3>\r\n                      <p class=\"member-role\">Rechtsanwalt<\/p>\r\n                     \r\n                  <\/div>\r\n                <\/div>[vc_empty_space][\/vc_column][vc_column width=&#8220;1\/3&#8243;]<div class=\"member style2\" onclick=\"void(0)\">\r\n                  <div class=\"member-image\"><a href='\/de\/das-team\/marta-rubio-losada\/'><img src='https:\/\/csm-abogados.com\/wp\/wp-content\/uploads\/martarubio_RET.jpg' alt='image' \/><\/a><\/div>\r\n                  <div class=\"member-desc-inner\"><\/div>\r\n                  <div class=\"member-desc-warp\">\r\n                      <h3 class=\"title-sc member-name\"><a href=\"\/de\/das-team\/marta-rubio-losada\/\">Marta Rubio Losada<\/a><\/h3>\r\n                      <p class=\"member-role\">Rechtsanw\u00e4ltin und Steuerberaterin<\/p>\r\n                     \r\n                  <\/div>\r\n                <\/div>[vc_empty_space][\/vc_column][\/vc_row][vc_row][vc_column][vc_empty_space][vc_column_text]<\/p>\n<p style=\"text-align: center;\"><span style=\"color: #a78f68;\"><strong>UMFASSENDE RECHTLICHE DIENSTLEISTUNGEN<\/strong><\/span><\/p>\n<h1 style=\"text-align: center;\">Mehrsprachige Unterst\u00fctzung in Rechts- und Steuerfragen.<\/h1>\n<p style=\"text-align: center;\">Bei <strong>CSM-ABOGADOS<\/strong> bieten wir fachkundige rechtliche Beratung. Wir bearbeiten jeden Fall mit Sorgfalt und Engagement und finden L\u00f6sungen, die Ihren Bed\u00fcrfnissen entsprechen.<br \/>\nAls f\u00fchrende Kanzlei in den Bereichen Immobilien-, Zivil- und Steuerrecht bieten wir Beratungen nach den neuesten rechtlichen und steuerlichen Kriterien.<br \/>\nWir planen und bieten eine individuell auf die Bed\u00fcrfnisse eines jeden Mandanten zugeschnittene Rechtsberatung.<br \/>\nSie m\u00f6chten Risiken ausschlie\u00dfen? Unser Rechtsbeistand garantiert Ihnen optimale Unterst\u00fctzung.<\/p>\n<p>[\/vc_column_text][vc_btn title=&#8220;RECHTLICHE DIENSTLEISTUNGEN&#8220; style=&#8220;outline&#8220; shape=&#8220;square&#8220; color=&#8220;inherit&#8220; align=&#8220;center&#8220; link=&#8220;url:%2Fde%2Fjuristische-dienstleistungen%2F||&#8220;][\/vc_column][\/vc_row][vc_row full_width=&#8220;stretch_row&#8220; css=&#8220;.vc_custom_1453996858957{margin-top: 30px !important;margin-bottom: 0px !important;border-top-width: 1px !important;padding-top: 60px !important;padding-bottom: 60px !important;}&#8220; enable_parallax=&#8220;&#8220; parallax_speed=&#8220;0.5&#8243;][vc_column][vc_empty_space][vc_column_text]<\/p>\n<h1 style=\"text-align: center;\">Formular<\/h1>\n<p style=\"text-align: center;\">Wir helfen Ihnen dabei, die beste juristische L\u00f6sung zu finden.<br \/>\nKontaktieren Sie uns heute, damit wir in Ihrem Fall helfen k\u00f6nnen.<\/p>\n<p>[\/vc_column_text][vc_empty_space height=&#8220;10px&#8220;]\n<div class=\"wpcf7 no-js\" id=\"wpcf7-f32601-o1\" lang=\"en-US\" dir=\"ltr\">\n<div class=\"screen-reader-response\"><p role=\"status\" aria-live=\"polite\" aria-atomic=\"true\"><\/p> <ul><\/ul><\/div>\n<form action=\"\/de\/wp-json\/wp\/v2\/pages\/32464#wpcf7-f32601-o1\" method=\"post\" class=\"wpcf7-form init\" aria-label=\"Contact form\" novalidate=\"novalidate\" data-status=\"init\">\n<div style=\"display: none;\">\n<input type=\"hidden\" name=\"_wpcf7\" value=\"32601\" \/>\n<input type=\"hidden\" name=\"_wpcf7_version\" value=\"5.7.7\" \/>\n<input type=\"hidden\" name=\"_wpcf7_locale\" value=\"en_US\" \/>\n<input type=\"hidden\" name=\"_wpcf7_unit_tag\" value=\"wpcf7-f32601-o1\" \/>\n<input type=\"hidden\" name=\"_wpcf7_container_post\" value=\"0\" \/>\n<input type=\"hidden\" name=\"_wpcf7_posted_data_hash\" value=\"\" \/>\n<input type=\"hidden\" name=\"_wpcf7_recaptcha_response\" value=\"\" \/>\n<\/div>\n<div class=\"df_row-fluid\">\n\t<p class=\"df_span-sm-4\"><br \/>\n<span class=\"wpcf7-form-control-wrap\" data-name=\"your-name\"><input size=\"40\" class=\"wpcf7-form-control wpcf7-text wpcf7-validates-as-required\" aria-required=\"true\" aria-invalid=\"false\" placeholder=\"Name\" value=\"\" type=\"text\" name=\"your-name\" \/><\/span>\n\t<\/p>\n\t<p class=\"df_span-sm-4\"><br \/>\n<span class=\"wpcf7-form-control-wrap\" data-name=\"your-email\"><input size=\"40\" class=\"wpcf7-form-control wpcf7-text wpcf7-email wpcf7-validates-as-required wpcf7-validates-as-email\" aria-required=\"true\" aria-invalid=\"false\" placeholder=\"E-mail\" value=\"\" type=\"email\" name=\"your-email\" \/><\/span>\n\t<\/p>\n\t<p class=\"df_span-sm-4\"><br \/>\n<span class=\"wpcf7-form-control-wrap\" data-name=\"your-subject\"><input size=\"40\" class=\"wpcf7-form-control wpcf7-text\" aria-invalid=\"false\" placeholder=\"Betreff\" value=\"\" type=\"text\" name=\"your-subject\" \/><\/span>\n\t<\/p>\n\t<p class=\"df_span-sm-12\"><br \/>\n<span class=\"wpcf7-form-control-wrap\" data-name=\"your-message\"><textarea cols=\"40\" rows=\"10\" class=\"wpcf7-form-control wpcf7-textarea\" aria-invalid=\"false\" placeholder=\"Nachricht\" name=\"your-message\"><\/textarea><\/span>\n\t<\/p>\n\t<p class=\"df_span-sm-12\" ><input class=\"wpcf7-form-control has-spinner wpcf7-submit\" type=\"submit\" value=\"SENDEN\" \/>\n\t<\/p>\n<\/div>\n<p>Alle Felder sind erforderlich, um Ihre Anfrage zu beantworten.\n<\/p>\n<p><strong>Durch Klicken auf die Schaltfl\u00e4che \"SENDEN\" erkl\u00e4ren Sie, dass Sie die folgenden Datenschutzinformationen gelesen haben:<\/strong> Die f\u00fcr die Verarbeitung verantwortliche Gesellschaft ist CERD\u00d3, SALES & RUBIO ABOGADOS S.L. Der Zweck ist die Beantwortung Ihrer Anfrage. Sie haben das Recht auf Zugang, Berichtigung und L\u00f6schung der Daten sowie weitere Rechte, die in unserer <a href=\"http:\/\/csm-abogados.com\/de\/rechtliche-hinweise\/\">Datenschutzrichtlinie<\/a> erl\u00e4utert werden.\n<\/p><div class=\"wpcf7-response-output\" aria-hidden=\"true\"><\/div>\n<\/form>\n<\/div>\n[vc_empty_space height=&#8220;64px&#8220;][\/vc_column][\/vc_row]<\/p>\n<\/section>","protected":false},"excerpt":{"rendered":"<p>[vc_row][vc_column width=&#8220;1\/6&#8243;][\/vc_column][vc_column width=&#8220;2\/3&#8243;][vc_empty_space height=&#8220;64px&#8220;][vc_column_text] CSM ABOGADOS Wir sind eine f\u00fchrende Kanzlei in den Bereichen Immobilien-, Zivil-, Steuer- und Strafrecht. Seit 1995 stehen wir Ihnen in Palma de Mallorca zu Diensten. [\/vc_column_text][vc_empty_space][\/vc_column][vc_column width=&#8220;1\/6&#8243;][\/vc_column][\/vc_row][vc_row full_width=&#8220;stretch_row&#8220; css=&#8220;.vc_custom_1457634612523{margin-top: 0px !important;margin-bottom: 32px !important;padding-top: 180px !important;padding-bottom: 180px !important;background-image: url(http:\/\/csm-abogados.com\/wp\/wp-content\/uploads\/unnamed.jpg?id=32447) !important;}&#8220; enable_parallax=&#8220;false&#8220; parallax_speed=&#8220;0.1&#8243; anchor=&#8220;about&#8220; min_height=&#8220;600&#8243; el_id=&#8220;about&#8220;][vc_column width=&#8220;1\/2&#8243; css=&#8220;.vc_custom_1429072799363{padding-right: 5% !important;}&#8220;][vc_column_text css=&#8220;.vc_custom_1458051399992{margin-bottom: 10px [&hellip;]<a href=\"https:\/\/csm-abogados.com\/de\/\" class=\"df-link-excerpt\">Continue reading<\/a><\/p>\n","protected":false},"author":2,"featured_media":0,"parent":0,"menu_order":0,"comment_status":"closed","ping_status":"closed","template":"","meta":[],"_links":{"self":[{"href":"https:\/\/csm-abogados.com\/de\/wp-json\/wp\/v2\/pages\/32464"}],"collection":[{"href":"https:\/\/csm-abogados.com\/de\/wp-json\/wp\/v2\/pages"}],"about":[{"href":"https:\/\/csm-abogados.com\/de\/wp-json\/wp\/v2\/types\/page"}],"author":[{"embeddable":true,"href":"https:\/\/csm-abogados.com\/de\/wp-json\/wp\/v2\/users\/2"}],"replies":[{"embeddable":true,"href":"https:\/\/csm-abogados.com\/de\/wp-json\/wp\/v2\/comments?post=32464"}],"version-history":[{"count":8,"href":"https:\/\/csm-abogados.com\/de\/wp-json\/wp\/v2\/pages\/32464\/revisions"}],"predecessor-version":[{"id":32897,"href":"https:\/\/csm-abogados.com\/de\/wp-json\/wp\/v2\/pages\/32464\/revisions\/32897"}],"wp:attachment":[{"href":"https:\/\/csm-abogados.com\/de\/wp-json\/wp\/v2\/media?parent=32464"}],"curies":[{"name":"wp","href":"https:\/\/api.w.org\/{rel}","templated":true}]}}