{"id":32469,"date":"2015-04-20T04:48:50","date_gmt":"2015-04-20T04:48:50","guid":{"rendered":"http:\/\/csm-abogados.com\/de\/el-equipo\/"},"modified":"2023-07-28T19:04:33","modified_gmt":"2023-07-28T19:04:33","slug":"das-team","status":"publish","type":"page","link":"https:\/\/csm-abogados.com\/de\/das-team\/","title":{"rendered":"Das Team"},"content":{"rendered":"<section class=\"wpb-content-wrapper\"><p>[vc_row][vc_column][vc_empty_space height=&#8220;64px&#8220;][vc_column_text]<\/p>\n<p style=\"text-align: center;\"><span style=\"color: #a78f68;\"><strong>DAS TEAM<\/strong><\/span><\/p>\n<h1 style=\"text-align: center;\">Nutzen Sie unsere lokalen Kenntnisse und internationale Erfahrung<\/h1>\n<p style=\"text-align: center;\">Wir bieten die juristische Exzellenz, die Sie suchen.<br \/>\nWir sind in Palma de Mallorca als Fachanw\u00e4lte f\u00fcr unsere jeweiligen Rechtsgebiete bekannt.<br \/>\nBei <strong>CSM-ABOGADOS<\/strong> bieten wir unseren Mandanten realistische und strategisch durchdachte L\u00f6sungen, die auf die Bed\u00fcrfnisse Ihres Gesch\u00e4fts zugeschnitten sind.<br \/>\nWir bearbeiten komplexe F\u00e4lle, die eine kontinuierliche Weiterbildung erfordern und unseren Teamgeist st\u00e4rken.<br \/>\nAnw\u00e4lte aus Leidenschaft. Lernen Sie uns kennen, damit sie sich sicher und zuversichtlich f\u00fchlen.<\/p>\n<p>[\/vc_column_text][vc_empty_space][\/vc_column][\/vc_row][vc_row css=&#8220;.vc_custom_1429612503067{margin-bottom: 60px !important;}&#8220; enable_parallax=&#8220;&#8220; parallax_speed=&#8220;0.5&#8243;][vc_column width=&#8220;1\/3&#8243;]<div class=\"member style2\" onclick=\"void(0)\">\r\n                  <div class=\"member-image\"><a href='\/de\/das-team\/manuel-cerdo-haitz\/'><img src='https:\/\/csm-abogados.com\/wp\/wp-content\/uploads\/manuel_ch_RET.jpg' alt='image' \/><\/a><\/div>\r\n                  <div class=\"member-desc-inner\"><\/div>\r\n                  <div class=\"member-desc-warp\">\r\n                      <h3 class=\"title-sc member-name\"><a href=\"\/de\/das-team\/manuel-cerdo-haitz\/\">Manuel Cerd\u00f3 Haitz (Partner)<\/a><\/h3>\r\n                      <p class=\"member-role\">Rechtsanwalt<\/p>\r\n                     \r\n                  <\/div>\r\n                <\/div>[\/vc_column][vc_column width=&#8220;1\/3&#8243;]<div class=\"member style2\" onclick=\"void(0)\">\r\n                  <div class=\"member-image\"><a href='\/de\/das-team\/francisco-sales-sureda\/'><img src='https:\/\/csm-abogados.com\/wp\/wp-content\/uploads\/franciscosales_RET.jpg' alt='image' \/><\/a><\/div>\r\n                  <div class=\"member-desc-inner\"><\/div>\r\n                  <div class=\"member-desc-warp\">\r\n                      <h3 class=\"title-sc member-name\"><a href=\"\/de\/das-team\/francisco-sales-sureda\/\">Francisco Sales Sureda (Partner)<\/a><\/h3>\r\n                      <p class=\"member-role\">Rechtsanwalt<\/p>\r\n                     \r\n                  <\/div>\r\n                <\/div>[\/vc_column][vc_column width=&#8220;1\/3&#8243;]<div class=\"member style2\" onclick=\"void(0)\">\r\n                  <div class=\"member-image\"><a href='\/de\/das-team\/marta-rubio-losada\/'><img src='https:\/\/csm-abogados.com\/wp\/wp-content\/uploads\/martarubio_RET.jpg' alt='image' \/><\/a><\/div>\r\n                  <div class=\"member-desc-inner\"><\/div>\r\n                  <div class=\"member-desc-warp\">\r\n                      <h3 class=\"title-sc member-name\"><a href=\"\/de\/das-team\/marta-rubio-losada\/\">Marta Rubio Losada (Partnerin)<\/a><\/h3>\r\n                      <p class=\"member-role\">Rechtsanw\u00e4ltin und Steuerberaterin<\/p>\r\n                     \r\n                  <\/div>\r\n                <\/div>[\/vc_column][\/vc_row][vc_row css=&#8220;.vc_custom_1429612510603{margin-bottom: 60px !important;}&#8220; enable_parallax=&#8220;&#8220; parallax_speed=&#8220;0.5&#8243;][vc_column width=&#8220;1\/3&#8243;]<div class=\"member style2\" onclick=\"void(0)\">\r\n                  <div class=\"member-image\"><a href='mailto:mora@csm-abogados.com'><img src='https:\/\/csm-abogados.com\/wp\/wp-content\/uploads\/mariaantonia_RET.jpg' alt='image' \/><\/a><\/div>\r\n                  <div class=\"member-desc-inner\"><\/div>\r\n                  <div class=\"member-desc-warp\">\r\n                      <h3 class=\"title-sc member-name\"><a href=\"mailto:mora@csm-abogados.com\">Mar\u00eda Antonia Mora Garc\u00edas<\/a><\/h3>\r\n                      <p class=\"member-role\">Rechtsanw\u00e4ltin<\/p>\r\n                      <p class=\"member-content\">Studium der Rechtswissenschaften an der Universit\u00e4t der Balearen, 2002.<br \/>\nMitglied der Rechtsanwaltskammer der Balearen seit Oktober 2002.<br \/>\n<strong>Sprachen:<\/strong> Spanisch, Katalanisch und Englisch.<\/p>\r\n                  <\/div>\r\n                <\/div>[\/vc_column][vc_column width=&#8220;1\/3&#8243;]<div class=\"member style2\" onclick=\"void(0)\">\r\n                  <div class=\"member-image\"><a href='mailto:msanchez@csm-abogados.com'><img src='https:\/\/csm-abogados.com\/wp\/wp-content\/uploads\/manuelasanchez_RET.jpg' alt='image' \/><\/a><\/div>\r\n                  <div class=\"member-desc-inner\"><\/div>\r\n                  <div class=\"member-desc-warp\">\r\n                      <h3 class=\"title-sc member-name\"><a href=\"mailto:msanchez@csm-abogados.com\">Manuela S\u00e1nchez Cerezo<\/a><\/h3>\r\n                      <p class=\"member-role\">Steuerberaterin<\/p>\r\n                      <p class=\"member-content\">Studium der Wirtschaftswissenschaften an der Universit\u00e4t der Balearen, Jahr 1991.<br \/>\n<strong>Sprachen:<\/strong> Spanisch und Katalanisch.<\/p>\r\n                  <\/div>\r\n                <\/div>[\/vc_column][vc_column width=&#8220;1\/3&#8243;]<div class=\"member style2\" onclick=\"void(0)\">\r\n                  <div class=\"member-image\"><a href='mailto:info@csm-abogados.com'><img src='https:\/\/csm-abogados.com\/wp\/wp-content\/uploads\/belen-ripoll-de-oleza-1.jpg' alt='image' \/><\/a><\/div>\r\n                  <div class=\"member-desc-inner\"><\/div>\r\n                  <div class=\"member-desc-warp\">\r\n                      <h3 class=\"title-sc member-name\"><a href=\"mailto:info@csm-abogados.com\">Bel\u00e9n Ripoll de Oleza<\/a><\/h3>\r\n                      <p class=\"member-role\">Rechtsanw\u00e4ltin<\/p>\r\n                      <p class=\"member-content\">Studium der Rechtswissenschaften an der Universit\u00e4t der Balearen, 1989. Masterabschluss in Rechts- und Steuerberatung bei Arthur Andersen Asesores Legales y Tributarios y Cia. Oberstufe in Verwaltungs- und Finanzmanagement bei Fordertel SL. Executive Compliance Officer Programm von Wolters Kluwer Espa\u00f1a SA.<br \/>\n<strong>Sprachen:<\/strong> Spanisch, Englisch.<\/p>\r\n                  <\/div>\r\n                <\/div>[\/vc_column][\/vc_row][vc_row css=&#8220;.vc_custom_1429612510603{margin-bottom: 60px !important;}&#8220; enable_parallax=&#8220;&#8220; parallax_speed=&#8220;0.5&#8243;][vc_column width=&#8220;1\/3&#8243;]<div class=\"member style2\" onclick=\"void(0)\">\r\n                  <div class=\"member-image\"><a href='mailto:info@csm-abogados.com'><img src='https:\/\/csm-abogados.com\/wp\/wp-content\/uploads\/abogada-elena.jpg' alt='image' \/><\/a><\/div>\r\n                  <div class=\"member-desc-inner\"><\/div>\r\n                  <div class=\"member-desc-warp\">\r\n                      <h3 class=\"title-sc member-name\"><a href=\"mailto:info@csm-abogados.com\">Elena Garc\u00eda Carpallo<\/a><\/h3>\r\n                      <p class=\"member-role\">Rechtsanw\u00e4ltin<\/p>\r\n                      <p class=\"member-content\">Studium der Rechtswissenschaften an der Universit\u00e4t der Balearen, 2013. Masterabschluss in Rechtspraxis an der Universit\u00e4t der Balearen, 2014. Mitglied der Rechtsanwaltskammer der Balearen seit Januar 2016.<br \/>\n<strong>Sprachen:<\/strong> Spanisch, Katalanisch, Englisch, Deutsch und Italienisch.<\/p>\r\n                  <\/div>\r\n                <\/div>[\/vc_column][vc_column width=&#8220;1\/3&#8243;]<div class=\"member style2\" onclick=\"void(0)\">\r\n                  <div class=\"member-image\"><a href='mailto:info@csm-abogados.com'><img src='https:\/\/csm-abogados.com\/wp\/wp-content\/uploads\/margit_RET.jpg' alt='image' \/><\/a><\/div>\r\n                  <div class=\"member-desc-inner\"><\/div>\r\n                  <div class=\"member-desc-warp\">\r\n                      <h3 class=\"title-sc member-name\"><a href=\"mailto:info@csm-abogados.com\">Margit M. Pahl<\/a><\/h3>\r\n                      <p class=\"member-role\">Jurist. Assistentin<\/p>\r\n                      <p class=\"member-content\"><strong>Sprachen:<\/strong> Spanisch, Deutsch, Englisch, Franz\u00f6sisch und Katalanisch.<\/p>\r\n                  <\/div>\r\n                <\/div>[\/vc_column][vc_column width=&#8220;1\/3&#8243;]<div class=\"member style2\" onclick=\"void(0)\">\r\n                  <div class=\"member-image\"><a href='mailto:eorda@csm-abogados.com'><img src='https:\/\/csm-abogados.com\/wp\/wp-content\/uploads\/emilia-orda.jpg' alt='image' \/><\/a><\/div>\r\n                  <div class=\"member-desc-inner\"><\/div>\r\n                  <div class=\"member-desc-warp\">\r\n                      <h3 class=\"title-sc member-name\"><a href=\"mailto:eorda@csm-abogados.com\">Emilia Orda<\/a><\/h3>\r\n                      <p class=\"member-role\">Jurist. Assistentin<\/p>\r\n                      <p class=\"member-content\"><strong>Sprachen:<\/strong> Spanisch, Deutsch, Englisch und Polnisch.<\/p>\r\n                  <\/div>\r\n                <\/div>[\/vc_column][\/vc_row][vc_row css=&#8220;.vc_custom_1429612510603{margin-bottom: 60px !important;}&#8220; enable_parallax=&#8220;&#8220; parallax_speed=&#8220;0.5&#8243;][vc_column width=&#8220;1\/3&#8243;]<div class=\"member style2\" onclick=\"void(0)\">\r\n                  <div class=\"member-image\"><a href='mailto:christafehr@csm-abogados.com'><img src='https:\/\/csm-abogados.com\/wp\/wp-content\/uploads\/christaneu_RET.jpg' alt='image' \/><\/a><\/div>\r\n                  <div class=\"member-desc-inner\"><\/div>\r\n                  <div class=\"member-desc-warp\">\r\n                      <h3 class=\"title-sc member-name\"><a href=\"mailto:christafehr@csm-abogados.com\">Christa Fehr<\/a><\/h3>\r\n                      <p class=\"member-role\">Leiterin der Rechnungsstelle<\/p>\r\n                      <p class=\"member-content\"><strong>Sprachen:<\/strong> Spanisch, Deutsch und Englisch.<\/p>\r\n                  <\/div>\r\n                <\/div>[\/vc_column][vc_column width=&#8220;1\/3&#8243;]<div class=\"member style2\" onclick=\"void(0)\">\r\n                  <div class=\"member-image\"><a href='mailto:secretariado@csm-abogados.com'><img src='https:\/\/csm-abogados.com\/wp\/wp-content\/uploads\/anaquetglas_RET.jpg' alt='image' \/><\/a><\/div>\r\n                  <div class=\"member-desc-inner\"><\/div>\r\n                  <div class=\"member-desc-warp\">\r\n                      <h3 class=\"title-sc member-name\"><a href=\"mailto:secretariado@csm-abogados.com\">Ana Mar\u00eda Quetglas Arb\u00f3s<\/a><\/h3>\r\n                      <p class=\"member-role\">Sekret\u00e4rin<\/p>\r\n                     \r\n                  <\/div>\r\n                <\/div>[\/vc_column][vc_column width=&#8220;1\/3&#8243;][\/vc_column][\/vc_row][vc_row full_width=&#8220;stretch_row&#8220; parallax=&#8220;content-moving&#8220; parallax_image=&#8220;32225&#8243; css=&#8220;.vc_custom_1454063949992{padding-top: 64px !important;padding-bottom: 64px !important;}&#8220;][vc_column][vc_column_text]<\/p>\n<h2 class=\"banner-text\" style=\"text-align: center;\"><span style=\"color: #ffffff;\">CSM-ABOGADOS<\/span><br \/>\n<span style=\"color: #ffffff;\">SEIT 1995 IHRE JURISTISCHE ANLAUFSTELLE IN PALMA DE MALLORCA<\/span><\/h2>\n<p>[\/vc_column_text][\/vc_column][\/vc_row][vc_row][vc_column][vc_empty_space][vc_column_text]<\/p>\n<h1 style=\"text-align: center;\">Formular<\/h1>\n<p style=\"text-align: center;\">Wir helfen Ihnen dabei, die beste juristische L\u00f6sung zu finden.<br \/>\nKontaktieren Sie uns heute, damit wir in Ihrem Fall helfen k\u00f6nnen.<\/p>\n<p>[\/vc_column_text][vc_empty_space height=&#8220;10px&#8220;]\n<div class=\"wpcf7 no-js\" id=\"wpcf7-f32601-o1\" lang=\"en-US\" dir=\"ltr\">\n<div class=\"screen-reader-response\"><p role=\"status\" aria-live=\"polite\" aria-atomic=\"true\"><\/p> <ul><\/ul><\/div>\n<form action=\"\/de\/wp-json\/wp\/v2\/pages\/32469#wpcf7-f32601-o1\" method=\"post\" class=\"wpcf7-form init\" aria-label=\"Contact form\" novalidate=\"novalidate\" data-status=\"init\">\n<div style=\"display: none;\">\n<input type=\"hidden\" name=\"_wpcf7\" value=\"32601\" \/>\n<input type=\"hidden\" name=\"_wpcf7_version\" value=\"5.7.7\" \/>\n<input type=\"hidden\" name=\"_wpcf7_locale\" value=\"en_US\" \/>\n<input type=\"hidden\" name=\"_wpcf7_unit_tag\" value=\"wpcf7-f32601-o1\" \/>\n<input type=\"hidden\" name=\"_wpcf7_container_post\" value=\"0\" \/>\n<input type=\"hidden\" name=\"_wpcf7_posted_data_hash\" value=\"\" \/>\n<input type=\"hidden\" name=\"_wpcf7_recaptcha_response\" value=\"\" \/>\n<\/div>\n<div class=\"df_row-fluid\">\n\t<p class=\"df_span-sm-4\"><br \/>\n<span class=\"wpcf7-form-control-wrap\" data-name=\"your-name\"><input size=\"40\" class=\"wpcf7-form-control wpcf7-text wpcf7-validates-as-required\" aria-required=\"true\" aria-invalid=\"false\" placeholder=\"Name\" value=\"\" type=\"text\" name=\"your-name\" \/><\/span>\n\t<\/p>\n\t<p class=\"df_span-sm-4\"><br \/>\n<span class=\"wpcf7-form-control-wrap\" data-name=\"your-email\"><input size=\"40\" class=\"wpcf7-form-control wpcf7-text wpcf7-email wpcf7-validates-as-required wpcf7-validates-as-email\" aria-required=\"true\" aria-invalid=\"false\" placeholder=\"E-mail\" value=\"\" type=\"email\" name=\"your-email\" \/><\/span>\n\t<\/p>\n\t<p class=\"df_span-sm-4\"><br \/>\n<span class=\"wpcf7-form-control-wrap\" data-name=\"your-subject\"><input size=\"40\" class=\"wpcf7-form-control wpcf7-text\" aria-invalid=\"false\" placeholder=\"Betreff\" value=\"\" type=\"text\" name=\"your-subject\" \/><\/span>\n\t<\/p>\n\t<p class=\"df_span-sm-12\"><br \/>\n<span class=\"wpcf7-form-control-wrap\" data-name=\"your-message\"><textarea cols=\"40\" rows=\"10\" class=\"wpcf7-form-control wpcf7-textarea\" aria-invalid=\"false\" placeholder=\"Nachricht\" name=\"your-message\"><\/textarea><\/span>\n\t<\/p>\n\t<p class=\"df_span-sm-12\" ><input class=\"wpcf7-form-control has-spinner wpcf7-submit\" type=\"submit\" value=\"SENDEN\" \/>\n\t<\/p>\n<\/div>\n<p>Alle Felder sind erforderlich, um Ihre Anfrage zu beantworten.\n<\/p>\n<p><strong>Durch Klicken auf die Schaltfl\u00e4che \"SENDEN\" erkl\u00e4ren Sie, dass Sie die folgenden Datenschutzinformationen gelesen haben:<\/strong> Die f\u00fcr die Verarbeitung verantwortliche Gesellschaft ist CERD\u00d3, SALES & RUBIO ABOGADOS S.L. Der Zweck ist die Beantwortung Ihrer Anfrage. Sie haben das Recht auf Zugang, Berichtigung und L\u00f6schung der Daten sowie weitere Rechte, die in unserer <a href=\"http:\/\/csm-abogados.com\/de\/rechtliche-hinweise\/\">Datenschutzrichtlinie<\/a> erl\u00e4utert werden.\n<\/p><div class=\"wpcf7-response-output\" aria-hidden=\"true\"><\/div>\n<\/form>\n<\/div>\n[vc_empty_space height=&#8220;64px&#8220;][\/vc_column][\/vc_row]<\/p>\n<\/section>","protected":false},"excerpt":{"rendered":"<p>[vc_row][vc_column][vc_empty_space height=&#8220;64px&#8220;][vc_column_text] DAS TEAM Nutzen Sie unsere lokalen Kenntnisse und internationale Erfahrung Wir bieten die juristische Exzellenz, die Sie suchen. Wir sind in Palma de Mallorca als Fachanw\u00e4lte f\u00fcr unsere jeweiligen Rechtsgebiete bekannt. Bei CSM-ABOGADOS bieten wir unseren Mandanten realistische und strategisch durchdachte L\u00f6sungen, die auf die Bed\u00fcrfnisse Ihres Gesch\u00e4fts zugeschnitten sind. Wir bearbeiten komplexe [&hellip;]<a href=\"https:\/\/csm-abogados.com\/de\/das-team\/\" class=\"df-link-excerpt\">Continue reading<\/a><\/p>\n","protected":false},"author":2,"featured_media":0,"parent":0,"menu_order":0,"comment_status":"closed","ping_status":"closed","template":"","meta":[],"_links":{"self":[{"href":"https:\/\/csm-abogados.com\/de\/wp-json\/wp\/v2\/pages\/32469"}],"collection":[{"href":"https:\/\/csm-abogados.com\/de\/wp-json\/wp\/v2\/pages"}],"about":[{"href":"https:\/\/csm-abogados.com\/de\/wp-json\/wp\/v2\/types\/page"}],"author":[{"embeddable":true,"href":"https:\/\/csm-abogados.com\/de\/wp-json\/wp\/v2\/users\/2"}],"replies":[{"embeddable":true,"href":"https:\/\/csm-abogados.com\/de\/wp-json\/wp\/v2\/comments?post=32469"}],"version-history":[{"count":17,"href":"https:\/\/csm-abogados.com\/de\/wp-json\/wp\/v2\/pages\/32469\/revisions"}],"predecessor-version":[{"id":32907,"href":"https:\/\/csm-abogados.com\/de\/wp-json\/wp\/v2\/pages\/32469\/revisions\/32907"}],"wp:attachment":[{"href":"https:\/\/csm-abogados.com\/de\/wp-json\/wp\/v2\/media?parent=32469"}],"curies":[{"name":"wp","href":"https:\/\/api.w.org\/{rel}","templated":true}]}}