{"id":32471,"date":"2016-01-26T14:24:16","date_gmt":"2016-01-26T14:24:16","guid":{"rendered":"http:\/\/csm-abogados.com\/de\/el-despacho\/"},"modified":"2016-03-15T19:32:11","modified_gmt":"2016-03-15T19:32:11","slug":"die-kanzlei","status":"publish","type":"page","link":"https:\/\/csm-abogados.com\/de\/die-kanzlei\/","title":{"rendered":"Die Kanzlei"},"content":{"rendered":"<section class=\"wpb-content-wrapper\"><p>[vc_row][vc_column][vc_empty_space height=&#8220;64px&#8220;][vc_column_text]<span style=\"color: #a78f68;\"><strong>\u00dcBER UNS<\/strong><\/span><\/p>\n<h1>Unsere Anwaltskanzlei findet L\u00f6sungen f\u00fcr Probleme<\/h1>\n<p>[\/vc_column_text][\/vc_column][\/vc_row][vc_row][vc_column width=&#8220;1\/2&#8243;][vc_column_text]Wir f\u00fchren unsere Anwaltskanzlei seit zwanzig Jahren mit h\u00f6chstem Verantwortungsbewusstsein.<br \/>\nBei <strong>CSM-ABOGADOS<\/strong> haben wir eine stabile Gesch\u00e4ftsbasis geschaffen, die auf drei Grunds\u00e4tzen beruht: ethische Berufsaus\u00fcbung, Streben nach Exzellenz und stetiges, berufliches Engagement.<br \/>\n<strong>CSM-ABOGADOS<\/strong> wurde 1995 unter einem anderen Firmennamen gegr\u00fcndet. Seitdem haben wir uns das Vertrauen unserer lokalen und internationalen Kunden erarbeitet und haben uns zu einem wichtigen Unternehmen der Region entwickelt.[\/vc_column_text][vc_empty_space][\/vc_column][vc_column width=&#8220;1\/2&#8243;][vc_column_text]Wir folgen einem umfassenden Rechts- und Steuerberatungsmodell, das auf einer multidisziplin\u00e4ren Betreuung in mehreren Sprachen und stetigen Spezialisierung in unseren Rechtsgebieten beruht.<br \/>\nJeder Partner bietet seinem Mandanten individuelle Betreuung und engagiert sich, um seine zuk\u00fcnftigen Bed\u00fcrfnisse fr\u00fchzeitig zu erkennen, eine strategische Sichtweise zu vermitteln und ihn bis zum Ende des Prozesses zu begleiten.[\/vc_column_text][vc_empty_space][\/vc_column][\/vc_row][vc_row full_width=&#8220;stretch_row&#8220; parallax=&#8220;content-moving&#8220; parallax_image=&#8220;32225&#8243; css=&#8220;.vc_custom_1454009516276{padding-top: 64px !important;padding-bottom: 64px !important;}&#8220;][vc_column][vc_column_text]<\/p>\n<h2 class=\"banner-text\" style=\"text-align: center;\"><span style=\"color: #ffffff;\">CSM-ABOGADOS<br \/>\nRECHTS- UND STEUERSICHERHEIT IN PALMA DE MALLORCA<\/span><\/h2>\n<p>[\/vc_column_text][\/vc_column][\/vc_row][vc_row css=&#8220;.vc_custom_1454009739763{margin-top: 0px !important;margin-bottom: 0px !important;padding-top: 5% !important;}&#8220; enable_parallax=&#8220;&#8220; parallax_speed=&#8220;0.5&#8243; anchor=&#8220;service&#8220;][vc_column css=&#8220;.vc_custom_1429072799363{padding-right: 5% !important;}&#8220;][vc_column_text css=&#8220;.vc_custom_1458052230125{margin-bottom: 10px !important;}&#8220;]<\/p>\n<p class=\"text animate animated\" style=\"text-align: left;\"><span style=\"color: #a78f68;\"><strong>UNSERE WERTE<\/strong><\/span><\/p>\n<p>[\/vc_column_text][vc_empty_space][\/vc_column][\/vc_row][vc_row css=&#8220;.vc_custom_1429728679752{margin-bottom: 0px !important;}&#8220; enable_parallax=&#8220;&#8220; parallax_speed=&#8220;0.5&#8243;][vc_column width=&#8220;1\/3&#8243;]<div class=\"service-component\"><div class=\"service layout-left\"><div class=\"service-desc\"><div class=\"service-header\"><h3 class=\"title\" style=\"color:;\">TEAMARBEIT<\/h3><\/div><div class=\"service-content\">Wir glauben an Synergie. Als Experten in verschiedenen Rechtsgebieten haben wir unterschiedliche Ans\u00e4tze. Jeder von uns tr\u00e4gt mit seinen Kenntnissen dazu bei, eine ideale L\u00f6sung zu finden.<\/div><\/div><\/div><\/div>[vc_empty_space][\/vc_column][vc_column width=&#8220;1\/3&#8243;]<div class=\"service-component\"><div class=\"service layout-left\"><div class=\"service-desc\"><div class=\"service-header\"><h3 class=\"title\" style=\"color:;\">KUNDENORIENTIERUNG<\/h3><\/div><div class=\"service-content\">Der Kunde ist unser Ziel. Wir halten unsere Kommunikationskan\u00e4le offen und bearbeiten alle Aspekte Ihres Falls, damit Sie sich sicher und zuversichtlich f\u00fchlen.<\/div><\/div><\/div><\/div>[vc_empty_space][\/vc_column][vc_column width=&#8220;1\/3&#8243;]<div class=\"service-component\"><div class=\"service layout-left\"><div class=\"service-desc\"><div class=\"service-header\"><h3 class=\"title\" style=\"color:;\">RECHTSANW\u00c4LTE AUS LEIDENSCHAFT<\/h3><\/div><div class=\"service-content\">Berufliche Integrit\u00e4t und das Streben nach Exzellenz leiten unsere Berufsaus\u00fcbung. Unsere Beratungen zeichnen sich durch Innovation, Verantwortungsbewusstsein und Seriosit\u00e4t aus.<\/div><\/div><\/div><\/div>[vc_empty_space][\/vc_column][\/vc_row][vc_row full_width=&#8220;stretch_row&#8220; parallax=&#8220;content-moving&#8220; parallax_image=&#8220;32225&#8243; css=&#8220;.vc_custom_1454010250699{margin-top: 64px !important;margin-bottom: 64px !important;padding-top: 64px !important;padding-bottom: 64px !important;}&#8220;][vc_column][vc_column_text]<\/p>\n<h2 class=\"banner-text\" style=\"text-align: center;\"><span style=\"color: #ffffff;\">CSM-ABOGADOS<br \/>\nGARANTIERTE SORGFALT UND ZUVERL\u00c4SSIGKEIT<\/span><\/h2>\n<p>[\/vc_column_text][\/vc_column][\/vc_row][vc_row][vc_column][vc_column_text]<span style=\"color: #a78f68;\"><strong>UNSERE PRINZIPIEN<\/strong><\/span><\/p>\n<h1>Mehr \u00fcber die Vorteile unserer umfassenden Beratung<\/h1>\n<p>[\/vc_column_text][\/vc_column][\/vc_row][vc_row][vc_column width=&#8220;1\/2&#8243;][vc_column_text]Unser Rechtsbeistand erfolgt nach drei Prinzipien: Zieldefinition, Erfassung zuk\u00fcnftiger Bed\u00fcrfnisse und Entwicklung einer klaren Handlungsstrategie. Unsere Arbeit ist auf die Erzielung konkreter Ergebnisse ausgerichtet.[\/vc_column_text][\/vc_column][vc_column width=&#8220;1\/2&#8243;][vc_column_text]Nach dieser Vorgehensweise koordiniert und bearbeitet jeder unserer Partner die F\u00e4lle, die er f\u00fchrt, informiert den Mandanten w\u00e4hrend der gesamten Prozessdauer und sorgt f\u00fcr eine pers\u00f6nliche und individuelle Beratung.[\/vc_column_text][\/vc_column][\/vc_row][vc_row][vc_column][vc_column_text]<\/p>\n<ul>\n<li><strong>Mehrsprachige Beratung.<\/strong> Wir sprechen die Sprache unserer Mandanten. In unserer Kanzlei bieten wir Beratungen auf Spanisch, Katalanisch, Englisch und Deutsch an.<\/li>\n<li><strong>L\u00f6sungen nach Ma\u00df.<\/strong> Wir stellen uns auf Ihr Gesch\u00e4ft ein.<\/li>\n<li><strong>F\u00fchrende Rechtsanw\u00e4lte.<\/strong> Qualifizierte Experten in unseren jeweiligen Rechtsgebieten.<\/li>\n<li><strong>Netzwerke und Kontakte.<\/strong> Wir sind eine der renommiertesten Kanzleien in Palma de Mallorca.<\/li>\n<\/ul>\n<p>Immobiliengesch\u00e4fte und unternehmerische Entscheidungen haben rechtliche Auswirkungen.<br \/>\nWir sind Ihr Partner, um den richtigen Kurs einzuschlagen.[\/vc_column_text][vc_empty_space][\/vc_column][\/vc_row][vc_row full_width=&#8220;stretch_row&#8220; parallax=&#8220;content-moving&#8220; parallax_image=&#8220;32225&#8243; css=&#8220;.vc_custom_1454010225434{margin-top: 64px !important;margin-bottom: 64px !important;padding-top: 64px !important;padding-bottom: 64px !important;}&#8220;][vc_column][vc_column_text]<\/p>\n<h2 class=\"banner-text\" style=\"text-align: center;\"><span style=\"color: #ffffff;\">IHR FALL IST UNSERE SACHE<\/span><\/h2>\n<p>[\/vc_column_text][\/vc_column][\/vc_row][vc_row][vc_column][vc_empty_space][vc_column_text]<\/p>\n<h1 style=\"text-align: center;\">Formular<\/h1>\n<p style=\"text-align: center;\">Wir helfen Ihnen dabei, die beste juristische L\u00f6sung zu finden.<br \/>\nKontaktieren Sie uns heute, damit wir in Ihrem Fall helfen k\u00f6nnen.<\/p>\n<p>[\/vc_column_text][vc_empty_space height=&#8220;10px&#8220;]\n<div class=\"wpcf7 no-js\" id=\"wpcf7-f32601-o1\" lang=\"en-US\" dir=\"ltr\">\n<div class=\"screen-reader-response\"><p role=\"status\" aria-live=\"polite\" aria-atomic=\"true\"><\/p> <ul><\/ul><\/div>\n<form action=\"\/de\/wp-json\/wp\/v2\/pages\/32471#wpcf7-f32601-o1\" method=\"post\" class=\"wpcf7-form init\" aria-label=\"Contact form\" novalidate=\"novalidate\" data-status=\"init\">\n<div style=\"display: none;\">\n<input type=\"hidden\" name=\"_wpcf7\" value=\"32601\" \/>\n<input type=\"hidden\" name=\"_wpcf7_version\" value=\"5.7.7\" \/>\n<input type=\"hidden\" name=\"_wpcf7_locale\" value=\"en_US\" \/>\n<input type=\"hidden\" name=\"_wpcf7_unit_tag\" value=\"wpcf7-f32601-o1\" \/>\n<input type=\"hidden\" name=\"_wpcf7_container_post\" value=\"0\" \/>\n<input type=\"hidden\" name=\"_wpcf7_posted_data_hash\" value=\"\" \/>\n<input type=\"hidden\" name=\"_wpcf7_recaptcha_response\" value=\"\" \/>\n<\/div>\n<div class=\"df_row-fluid\">\n\t<p class=\"df_span-sm-4\"><br \/>\n<span class=\"wpcf7-form-control-wrap\" data-name=\"your-name\"><input size=\"40\" class=\"wpcf7-form-control wpcf7-text wpcf7-validates-as-required\" aria-required=\"true\" aria-invalid=\"false\" placeholder=\"Name\" value=\"\" type=\"text\" name=\"your-name\" \/><\/span>\n\t<\/p>\n\t<p class=\"df_span-sm-4\"><br \/>\n<span class=\"wpcf7-form-control-wrap\" data-name=\"your-email\"><input size=\"40\" class=\"wpcf7-form-control wpcf7-text wpcf7-email wpcf7-validates-as-required wpcf7-validates-as-email\" aria-required=\"true\" aria-invalid=\"false\" placeholder=\"E-mail\" value=\"\" type=\"email\" name=\"your-email\" \/><\/span>\n\t<\/p>\n\t<p class=\"df_span-sm-4\"><br \/>\n<span class=\"wpcf7-form-control-wrap\" data-name=\"your-subject\"><input size=\"40\" class=\"wpcf7-form-control wpcf7-text\" aria-invalid=\"false\" placeholder=\"Betreff\" value=\"\" type=\"text\" name=\"your-subject\" \/><\/span>\n\t<\/p>\n\t<p class=\"df_span-sm-12\"><br \/>\n<span class=\"wpcf7-form-control-wrap\" data-name=\"your-message\"><textarea cols=\"40\" rows=\"10\" class=\"wpcf7-form-control wpcf7-textarea\" aria-invalid=\"false\" placeholder=\"Nachricht\" name=\"your-message\"><\/textarea><\/span>\n\t<\/p>\n\t<p class=\"df_span-sm-12\" ><input class=\"wpcf7-form-control has-spinner wpcf7-submit\" type=\"submit\" value=\"SENDEN\" \/>\n\t<\/p>\n<\/div>\n<p>Alle Felder sind erforderlich, um Ihre Anfrage zu beantworten.\n<\/p>\n<p><strong>Durch Klicken auf die Schaltfl\u00e4che \"SENDEN\" erkl\u00e4ren Sie, dass Sie die folgenden Datenschutzinformationen gelesen haben:<\/strong> Die f\u00fcr die Verarbeitung verantwortliche Gesellschaft ist CERD\u00d3, SALES & RUBIO ABOGADOS S.L. Der Zweck ist die Beantwortung Ihrer Anfrage. Sie haben das Recht auf Zugang, Berichtigung und L\u00f6schung der Daten sowie weitere Rechte, die in unserer <a href=\"http:\/\/csm-abogados.com\/de\/rechtliche-hinweise\/\">Datenschutzrichtlinie<\/a> erl\u00e4utert werden.\n<\/p><div class=\"wpcf7-response-output\" aria-hidden=\"true\"><\/div>\n<\/form>\n<\/div>\n[vc_empty_space height=&#8220;64px&#8220;][\/vc_column][\/vc_row]<\/p>\n<\/section>","protected":false},"excerpt":{"rendered":"<p>[vc_row][vc_column][vc_empty_space height=&#8220;64px&#8220;][vc_column_text]\u00dcBER UNS Unsere Anwaltskanzlei findet L\u00f6sungen f\u00fcr Probleme [\/vc_column_text][\/vc_column][\/vc_row][vc_row][vc_column width=&#8220;1\/2&#8243;][vc_column_text]Wir f\u00fchren unsere Anwaltskanzlei seit zwanzig Jahren mit h\u00f6chstem Verantwortungsbewusstsein. Bei CSM-ABOGADOS haben wir eine stabile Gesch\u00e4ftsbasis geschaffen, die auf drei Grunds\u00e4tzen beruht: ethische Berufsaus\u00fcbung, Streben nach Exzellenz und stetiges, berufliches Engagement. CSM-ABOGADOS wurde 1995 unter einem anderen Firmennamen gegr\u00fcndet. Seitdem haben wir uns das [&hellip;]<a href=\"https:\/\/csm-abogados.com\/de\/die-kanzlei\/\" class=\"df-link-excerpt\">Continue reading<\/a><\/p>\n","protected":false},"author":1,"featured_media":0,"parent":0,"menu_order":0,"comment_status":"closed","ping_status":"closed","template":"","meta":[],"_links":{"self":[{"href":"https:\/\/csm-abogados.com\/de\/wp-json\/wp\/v2\/pages\/32471"}],"collection":[{"href":"https:\/\/csm-abogados.com\/de\/wp-json\/wp\/v2\/pages"}],"about":[{"href":"https:\/\/csm-abogados.com\/de\/wp-json\/wp\/v2\/types\/page"}],"author":[{"embeddable":true,"href":"https:\/\/csm-abogados.com\/de\/wp-json\/wp\/v2\/users\/1"}],"replies":[{"embeddable":true,"href":"https:\/\/csm-abogados.com\/de\/wp-json\/wp\/v2\/comments?post=32471"}],"version-history":[{"count":2,"href":"https:\/\/csm-abogados.com\/de\/wp-json\/wp\/v2\/pages\/32471\/revisions"}],"predecessor-version":[{"id":32616,"href":"https:\/\/csm-abogados.com\/de\/wp-json\/wp\/v2\/pages\/32471\/revisions\/32616"}],"wp:attachment":[{"href":"https:\/\/csm-abogados.com\/de\/wp-json\/wp\/v2\/media?parent=32471"}],"curies":[{"name":"wp","href":"https:\/\/api.w.org\/{rel}","templated":true}]}}