{"id":32487,"date":"2016-01-27T13:10:24","date_gmt":"2016-01-27T13:10:24","guid":{"rendered":"http:\/\/csm-abogados.com\/de\/servicios-juridicos\/derecho-penal-y-administrativo\/"},"modified":"2016-03-15T20:23:39","modified_gmt":"2016-03-15T20:23:39","slug":"straf-und-verwaltungsrecht","status":"publish","type":"page","link":"https:\/\/csm-abogados.com\/de\/juristische-dienstleistungen\/straf-und-verwaltungsrecht\/","title":{"rendered":"Straf- und Verwaltungsrecht"},"content":{"rendered":"<section class=\"wpb-content-wrapper\"><p>[vc_row enable_parallax=&#8220;&#8220; parallax_speed=&#8220;0.5&#8243;][vc_column][vc_empty_space height=&#8220;64px&#8220;][vc_column_text]<span style=\"color: #a78f68;\"><strong>STRAF- UND VERWALTUNGSRECHT<\/strong><\/span><\/p>\n<h1>Wir verteidigen Ihre Rechtsposition auf ethische und effiziente Weise.<\/h1>\n<p>[\/vc_column_text][\/vc_column][\/vc_row][vc_row][vc_column width=&#8220;1\/2&#8243;][vc_column_text]<strong>STRAFRECHT<\/strong><\/p>\n<ul>\n<li>Personendelikte (Personensch\u00e4den oder immaterielle Sch\u00e4den) und Verm\u00f6gensdelikte (Betrug, Unterschlagung, etc.).<\/li>\n<li>Gesellschaftsrechtliche Delikte und Insolvenzstraftaten.<\/li>\n<li>Straftaten gegen das Finanzamt und die Sozialversicherung.<\/li>\n<li>Straftaten gegen die st\u00e4dtebauliche Verordnung.<\/li>\n<li>F\u00e4lschungsdelikte.<\/li>\n<li>Zivilrechtliche Haftung.<\/li>\n<\/ul>\n<p>[\/vc_column_text][vc_empty_space][\/vc_column][vc_column width=&#8220;1\/2&#8243;][vc_column_text]<strong>VERWALTUNGSRECHT<\/strong><\/p>\n<ul>\n<li>Verwaltungsgerichtliche Klagen gegen \u00f6ffentliche \u00c4mter und Beh\u00f6rden.<\/li>\n<li>Beratung des \u00f6ffentlichen Sektors bei der Vorbereitung und Vergabe von Auftr\u00e4gen.<\/li>\n<li>Administrative Verst\u00f6\u00dfe und Sanktionen.<\/li>\n<li>Enteignungen.<\/li>\n<li>Geldhilfen und Subventionen.<\/li>\n<li>Verm\u00f6genshaftung der \u00f6ffentlichen Verwaltungsbeh\u00f6rden.<\/li>\n<\/ul>\n<p>[\/vc_column_text][vc_empty_space][\/vc_column][\/vc_row][vc_row full_width=&#8220;stretch_row&#8220; parallax=&#8220;content-moving&#8220; parallax_image=&#8220;32225&#8243; css=&#8220;.vc_custom_1454081984343{padding-top: 64px !important;padding-bottom: 64px !important;}&#8220;][vc_column][vc_column_text]<\/p>\n<h2 class=\"banner-text\" style=\"text-align: center;\"><span style=\"color: #ffffff;\">CSM-ABOGADOS<\/span><br \/>\n<span style=\"color: #ffffff;\">RECHTS- UND STEUERSICHERHEIT IN PALMA DE MALLORCA<\/span><\/h2>\n<p>[\/vc_column_text][\/vc_column][\/vc_row][vc_row][vc_column][vc_empty_space][vc_column_text]<\/p>\n<h1 style=\"text-align: center;\">Formular<\/h1>\n<p style=\"text-align: center;\">Wir helfen Ihnen dabei, die beste juristische L\u00f6sung zu finden.<br \/>\nKontaktieren Sie uns heute, damit wir in Ihrem Fall helfen k\u00f6nnen.<\/p>\n<p>[\/vc_column_text][vc_empty_space height=&#8220;10px&#8220;]\n<div class=\"wpcf7 no-js\" id=\"wpcf7-f32601-o1\" lang=\"en-US\" dir=\"ltr\">\n<div class=\"screen-reader-response\"><p role=\"status\" aria-live=\"polite\" aria-atomic=\"true\"><\/p> <ul><\/ul><\/div>\n<form action=\"\/de\/wp-json\/wp\/v2\/pages\/32487#wpcf7-f32601-o1\" method=\"post\" class=\"wpcf7-form init\" aria-label=\"Contact form\" novalidate=\"novalidate\" data-status=\"init\">\n<div style=\"display: none;\">\n<input type=\"hidden\" name=\"_wpcf7\" value=\"32601\" \/>\n<input type=\"hidden\" name=\"_wpcf7_version\" value=\"5.7.7\" \/>\n<input type=\"hidden\" name=\"_wpcf7_locale\" value=\"en_US\" \/>\n<input type=\"hidden\" name=\"_wpcf7_unit_tag\" value=\"wpcf7-f32601-o1\" \/>\n<input type=\"hidden\" name=\"_wpcf7_container_post\" value=\"0\" \/>\n<input type=\"hidden\" name=\"_wpcf7_posted_data_hash\" value=\"\" \/>\n<input type=\"hidden\" name=\"_wpcf7_recaptcha_response\" value=\"\" \/>\n<\/div>\n<div class=\"df_row-fluid\">\n\t<p class=\"df_span-sm-4\"><br \/>\n<span class=\"wpcf7-form-control-wrap\" data-name=\"your-name\"><input size=\"40\" class=\"wpcf7-form-control wpcf7-text wpcf7-validates-as-required\" aria-required=\"true\" aria-invalid=\"false\" placeholder=\"Name\" value=\"\" type=\"text\" name=\"your-name\" \/><\/span>\n\t<\/p>\n\t<p class=\"df_span-sm-4\"><br \/>\n<span class=\"wpcf7-form-control-wrap\" data-name=\"your-email\"><input size=\"40\" class=\"wpcf7-form-control wpcf7-text wpcf7-email wpcf7-validates-as-required wpcf7-validates-as-email\" aria-required=\"true\" aria-invalid=\"false\" placeholder=\"E-mail\" value=\"\" type=\"email\" name=\"your-email\" \/><\/span>\n\t<\/p>\n\t<p class=\"df_span-sm-4\"><br \/>\n<span class=\"wpcf7-form-control-wrap\" data-name=\"your-subject\"><input size=\"40\" class=\"wpcf7-form-control wpcf7-text\" aria-invalid=\"false\" placeholder=\"Betreff\" value=\"\" type=\"text\" name=\"your-subject\" \/><\/span>\n\t<\/p>\n\t<p class=\"df_span-sm-12\"><br \/>\n<span class=\"wpcf7-form-control-wrap\" data-name=\"your-message\"><textarea cols=\"40\" rows=\"10\" class=\"wpcf7-form-control wpcf7-textarea\" aria-invalid=\"false\" placeholder=\"Nachricht\" name=\"your-message\"><\/textarea><\/span>\n\t<\/p>\n\t<p class=\"df_span-sm-12\" ><input class=\"wpcf7-form-control has-spinner wpcf7-submit\" type=\"submit\" value=\"SENDEN\" \/>\n\t<\/p>\n<\/div>\n<p>Alle Felder sind erforderlich, um Ihre Anfrage zu beantworten.\n<\/p>\n<p><strong>Durch Klicken auf die Schaltfl\u00e4che \"SENDEN\" erkl\u00e4ren Sie, dass Sie die folgenden Datenschutzinformationen gelesen haben:<\/strong> Die f\u00fcr die Verarbeitung verantwortliche Gesellschaft ist CERD\u00d3, SALES & RUBIO ABOGADOS S.L. Der Zweck ist die Beantwortung Ihrer Anfrage. Sie haben das Recht auf Zugang, Berichtigung und L\u00f6schung der Daten sowie weitere Rechte, die in unserer <a href=\"http:\/\/csm-abogados.com\/de\/rechtliche-hinweise\/\">Datenschutzrichtlinie<\/a> erl\u00e4utert werden.\n<\/p><div class=\"wpcf7-response-output\" aria-hidden=\"true\"><\/div>\n<\/form>\n<\/div>\n[vc_empty_space height=&#8220;64px&#8220;][\/vc_column][\/vc_row]<\/p>\n<\/section>","protected":false},"excerpt":{"rendered":"<p>[vc_row enable_parallax=&#8220;&#8220; parallax_speed=&#8220;0.5&#8243;][vc_column][vc_empty_space height=&#8220;64px&#8220;][vc_column_text]STRAF- UND VERWALTUNGSRECHT Wir verteidigen Ihre Rechtsposition auf ethische und effiziente Weise. [\/vc_column_text][\/vc_column][\/vc_row][vc_row][vc_column width=&#8220;1\/2&#8243;][vc_column_text]STRAFRECHT Personendelikte (Personensch\u00e4den oder immaterielle Sch\u00e4den) und Verm\u00f6gensdelikte (Betrug, Unterschlagung, etc.). Gesellschaftsrechtliche Delikte und Insolvenzstraftaten. Straftaten gegen das Finanzamt und die Sozialversicherung. Straftaten gegen die st\u00e4dtebauliche Verordnung. F\u00e4lschungsdelikte. Zivilrechtliche Haftung. [\/vc_column_text][vc_empty_space][\/vc_column][vc_column width=&#8220;1\/2&#8243;][vc_column_text]VERWALTUNGSRECHT Verwaltungsgerichtliche Klagen gegen \u00f6ffentliche \u00c4mter und Beh\u00f6rden. [&hellip;]<a href=\"https:\/\/csm-abogados.com\/de\/juristische-dienstleistungen\/straf-und-verwaltungsrecht\/\" class=\"df-link-excerpt\">Continue reading<\/a><\/p>\n","protected":false},"author":1,"featured_media":0,"parent":32478,"menu_order":0,"comment_status":"closed","ping_status":"closed","template":"","meta":[],"_links":{"self":[{"href":"https:\/\/csm-abogados.com\/de\/wp-json\/wp\/v2\/pages\/32487"}],"collection":[{"href":"https:\/\/csm-abogados.com\/de\/wp-json\/wp\/v2\/pages"}],"about":[{"href":"https:\/\/csm-abogados.com\/de\/wp-json\/wp\/v2\/types\/page"}],"author":[{"embeddable":true,"href":"https:\/\/csm-abogados.com\/de\/wp-json\/wp\/v2\/users\/1"}],"replies":[{"embeddable":true,"href":"https:\/\/csm-abogados.com\/de\/wp-json\/wp\/v2\/comments?post=32487"}],"version-history":[{"count":3,"href":"https:\/\/csm-abogados.com\/de\/wp-json\/wp\/v2\/pages\/32487\/revisions"}],"predecessor-version":[{"id":32631,"href":"https:\/\/csm-abogados.com\/de\/wp-json\/wp\/v2\/pages\/32487\/revisions\/32631"}],"up":[{"embeddable":true,"href":"https:\/\/csm-abogados.com\/de\/wp-json\/wp\/v2\/pages\/32478"}],"wp:attachment":[{"href":"https:\/\/csm-abogados.com\/de\/wp-json\/wp\/v2\/media?parent=32487"}],"curies":[{"name":"wp","href":"https:\/\/api.w.org\/{rel}","templated":true}]}}