{"id":32495,"date":"2016-01-27T13:15:43","date_gmt":"2016-01-27T13:15:43","guid":{"rendered":"http:\/\/csm-abogados.com\/de\/servicios-juridicos\/no-residentes\/"},"modified":"2016-03-15T19:31:12","modified_gmt":"2016-03-15T19:31:12","slug":"auslandische-mandanten","status":"publish","type":"page","link":"https:\/\/csm-abogados.com\/de\/juristische-dienstleistungen\/auslandische-mandanten\/","title":{"rendered":"Ausl\u00e4ndische Mandanten"},"content":{"rendered":"<section class=\"wpb-content-wrapper\"><p>[vc_row enable_parallax=&#8220;&#8220; parallax_speed=&#8220;0.5&#8243;][vc_column][vc_empty_space height=&#8220;64px&#8220;][vc_column_text]<span style=\"color: #a78f68;\"><strong>AUSL\u00c4NDISCHE MANDANTEN<\/strong><\/span><\/p>\n<h1>Wir sind Spezialisten f\u00fcr die umfassende Beratung ausl\u00e4ndischer Investoren.<\/h1>\n<p>[\/vc_column_text][\/vc_column][\/vc_row][vc_row][vc_column width=&#8220;1\/2&#8243;][vc_column_text]<\/p>\n<ul>\n<li>Umfassende Beratung beim An- und Verkauf von Immobilien und f\u00fcr Immobilienunternehmen.<\/li>\n<li>Umfassende Beratung bei ausl\u00e4ndischen Investitionen.<\/li>\n<li>Beratung zur ordnungsgem\u00e4\u00dfen Befolgung der geltenden gesetzlichen Regelungen zur Vorbeugung von Geldw\u00e4sche.<\/li>\n<li>Steuererkl\u00e4rungen f\u00fcr Nichtans\u00e4ssige.<\/li>\n<li>Verwaltung lokaler Abgaben (Grundsteuer, M\u00fcllentsorgung).<\/li>\n<li>Beantragung der spanischen Ausl\u00e4nderidentit\u00e4tsnummer NIE.<\/li>\n<li>Beantragung der goldenen Visa Card.<\/li>\n<\/ul>\n<p>[\/vc_column_text][vc_empty_space][\/vc_column][vc_column width=&#8220;1\/2&#8243;][vc_column_text][\/vc_column_text][\/vc_column][\/vc_row][vc_row full_width=&#8220;stretch_row&#8220; parallax=&#8220;content-moving&#8220; parallax_image=&#8220;32225&#8243; css=&#8220;.vc_custom_1454082681241{padding-top: 64px !important;padding-bottom: 64px !important;}&#8220;][vc_column][vc_column_text]<\/p>\n<h2 class=\"banner-text\" style=\"text-align: center;\"><span style=\"color: #ffffff;\">CSM-ABOGADOS<\/span><br \/>\n<span style=\"color: #ffffff;\">RECHTS- UND STEUERSICHERHEIT IN PALMA DE MALLORCA<\/span><\/h2>\n<p>[\/vc_column_text][\/vc_column][\/vc_row][vc_row][vc_column][vc_empty_space][vc_column_text]<\/p>\n<h1 style=\"text-align: center;\">Formular<\/h1>\n<p style=\"text-align: center;\">Wir helfen Ihnen dabei, die beste juristische L\u00f6sung zu finden.<br \/>\nKontaktieren Sie uns heute, damit wir in Ihrem Fall helfen k\u00f6nnen.<\/p>\n<p>[\/vc_column_text][vc_empty_space height=&#8220;10px&#8220;]\n<div class=\"wpcf7 no-js\" id=\"wpcf7-f32601-o1\" lang=\"en-US\" dir=\"ltr\">\n<div class=\"screen-reader-response\"><p role=\"status\" aria-live=\"polite\" aria-atomic=\"true\"><\/p> <ul><\/ul><\/div>\n<form action=\"\/de\/wp-json\/wp\/v2\/pages\/32495#wpcf7-f32601-o1\" method=\"post\" class=\"wpcf7-form init\" aria-label=\"Contact form\" novalidate=\"novalidate\" data-status=\"init\">\n<div style=\"display: none;\">\n<input type=\"hidden\" name=\"_wpcf7\" value=\"32601\" \/>\n<input type=\"hidden\" name=\"_wpcf7_version\" value=\"5.7.7\" \/>\n<input type=\"hidden\" name=\"_wpcf7_locale\" value=\"en_US\" \/>\n<input type=\"hidden\" name=\"_wpcf7_unit_tag\" value=\"wpcf7-f32601-o1\" \/>\n<input type=\"hidden\" name=\"_wpcf7_container_post\" value=\"0\" \/>\n<input type=\"hidden\" name=\"_wpcf7_posted_data_hash\" value=\"\" \/>\n<input type=\"hidden\" name=\"_wpcf7_recaptcha_response\" value=\"\" \/>\n<\/div>\n<div class=\"df_row-fluid\">\n\t<p class=\"df_span-sm-4\"><br \/>\n<span class=\"wpcf7-form-control-wrap\" data-name=\"your-name\"><input size=\"40\" class=\"wpcf7-form-control wpcf7-text wpcf7-validates-as-required\" aria-required=\"true\" aria-invalid=\"false\" placeholder=\"Name\" value=\"\" type=\"text\" name=\"your-name\" \/><\/span>\n\t<\/p>\n\t<p class=\"df_span-sm-4\"><br \/>\n<span class=\"wpcf7-form-control-wrap\" data-name=\"your-email\"><input size=\"40\" class=\"wpcf7-form-control wpcf7-text wpcf7-email wpcf7-validates-as-required wpcf7-validates-as-email\" aria-required=\"true\" aria-invalid=\"false\" placeholder=\"E-mail\" value=\"\" type=\"email\" name=\"your-email\" \/><\/span>\n\t<\/p>\n\t<p class=\"df_span-sm-4\"><br \/>\n<span class=\"wpcf7-form-control-wrap\" data-name=\"your-subject\"><input size=\"40\" class=\"wpcf7-form-control wpcf7-text\" aria-invalid=\"false\" placeholder=\"Betreff\" value=\"\" type=\"text\" name=\"your-subject\" \/><\/span>\n\t<\/p>\n\t<p class=\"df_span-sm-12\"><br \/>\n<span class=\"wpcf7-form-control-wrap\" data-name=\"your-message\"><textarea cols=\"40\" rows=\"10\" class=\"wpcf7-form-control wpcf7-textarea\" aria-invalid=\"false\" placeholder=\"Nachricht\" name=\"your-message\"><\/textarea><\/span>\n\t<\/p>\n\t<p class=\"df_span-sm-12\" ><input class=\"wpcf7-form-control has-spinner wpcf7-submit\" type=\"submit\" value=\"SENDEN\" \/>\n\t<\/p>\n<\/div>\n<p>Alle Felder sind erforderlich, um Ihre Anfrage zu beantworten.\n<\/p>\n<p><strong>Durch Klicken auf die Schaltfl\u00e4che \"SENDEN\" erkl\u00e4ren Sie, dass Sie die folgenden Datenschutzinformationen gelesen haben:<\/strong> Die f\u00fcr die Verarbeitung verantwortliche Gesellschaft ist CERD\u00d3, SALES & RUBIO ABOGADOS S.L. Der Zweck ist die Beantwortung Ihrer Anfrage. Sie haben das Recht auf Zugang, Berichtigung und L\u00f6schung der Daten sowie weitere Rechte, die in unserer <a href=\"http:\/\/csm-abogados.com\/de\/rechtliche-hinweise\/\">Datenschutzrichtlinie<\/a> erl\u00e4utert werden.\n<\/p><div class=\"wpcf7-response-output\" aria-hidden=\"true\"><\/div>\n<\/form>\n<\/div>\n[vc_empty_space height=&#8220;64px&#8220;][\/vc_column][\/vc_row]<\/p>\n<\/section>","protected":false},"excerpt":{"rendered":"<p>[vc_row enable_parallax=&#8220;&#8220; parallax_speed=&#8220;0.5&#8243;][vc_column][vc_empty_space height=&#8220;64px&#8220;][vc_column_text]AUSL\u00c4NDISCHE MANDANTEN Wir sind Spezialisten f\u00fcr die umfassende Beratung ausl\u00e4ndischer Investoren. [\/vc_column_text][\/vc_column][\/vc_row][vc_row][vc_column width=&#8220;1\/2&#8243;][vc_column_text] Umfassende Beratung beim An- und Verkauf von Immobilien und f\u00fcr Immobilienunternehmen. Umfassende Beratung bei ausl\u00e4ndischen Investitionen. Beratung zur ordnungsgem\u00e4\u00dfen Befolgung der geltenden gesetzlichen Regelungen zur Vorbeugung von Geldw\u00e4sche. Steuererkl\u00e4rungen f\u00fcr Nichtans\u00e4ssige. Verwaltung lokaler Abgaben (Grundsteuer, M\u00fcllentsorgung). Beantragung der spanischen [&hellip;]<a href=\"https:\/\/csm-abogados.com\/de\/juristische-dienstleistungen\/auslandische-mandanten\/\" class=\"df-link-excerpt\">Continue reading<\/a><\/p>\n","protected":false},"author":1,"featured_media":0,"parent":32478,"menu_order":0,"comment_status":"closed","ping_status":"closed","template":"","meta":[],"_links":{"self":[{"href":"https:\/\/csm-abogados.com\/de\/wp-json\/wp\/v2\/pages\/32495"}],"collection":[{"href":"https:\/\/csm-abogados.com\/de\/wp-json\/wp\/v2\/pages"}],"about":[{"href":"https:\/\/csm-abogados.com\/de\/wp-json\/wp\/v2\/types\/page"}],"author":[{"embeddable":true,"href":"https:\/\/csm-abogados.com\/de\/wp-json\/wp\/v2\/users\/1"}],"replies":[{"embeddable":true,"href":"https:\/\/csm-abogados.com\/de\/wp-json\/wp\/v2\/comments?post=32495"}],"version-history":[{"count":2,"href":"https:\/\/csm-abogados.com\/de\/wp-json\/wp\/v2\/pages\/32495\/revisions"}],"predecessor-version":[{"id":32614,"href":"https:\/\/csm-abogados.com\/de\/wp-json\/wp\/v2\/pages\/32495\/revisions\/32614"}],"up":[{"embeddable":true,"href":"https:\/\/csm-abogados.com\/de\/wp-json\/wp\/v2\/pages\/32478"}],"wp:attachment":[{"href":"https:\/\/csm-abogados.com\/de\/wp-json\/wp\/v2\/media?parent=32495"}],"curies":[{"name":"wp","href":"https:\/\/api.w.org\/{rel}","templated":true}]}}