{"id":32505,"date":"2015-04-16T12:43:44","date_gmt":"2015-04-16T12:43:44","guid":{"rendered":"http:\/\/csm-abogados.com\/de\/contacto\/"},"modified":"2025-09-03T07:17:56","modified_gmt":"2025-09-03T07:17:56","slug":"kontakt","status":"publish","type":"page","link":"https:\/\/csm-abogados.com\/de\/kontakt\/","title":{"rendered":"Kontakt"},"content":{"rendered":"<section class=\"wpb-content-wrapper\"><p>[vc_row css=&#8220;.vc_custom_1428992185575{margin-top: 60px !important;}&#8220; enable_parallax=&#8220;&#8220; parallax_speed=&#8220;0.5&#8243;][vc_column width=&#8220;2\/3&#8243;][vc_column_text]<span style=\"color: #a78f68;\"><strong>KONTAKT<\/strong><\/span><\/p>\n<h1>Suchen Sie kompetenten Rechtsbeistand?<\/h1>\n<p>Unser Team von <strong>CSM-ABOGADOS<\/strong> steht Ihnen jederzeit zur Verf\u00fcgung.<br \/>\nWenn Sie uns Ihren Fall schildern m\u00f6chten, schicken Sie uns bitte das Formular mit Ihren Fragen und Bemerkungen.<br \/>\nSie k\u00f6nnen nat\u00fcrlich auch einen Termin vereinbaren und wir besprechen Ihr Anliegen bei einer Tasse Kaffee in unseren B\u00fcror\u00e4umen.[\/vc_column_text][vc_empty_space][vc_row_inner][vc_column_inner width=&#8220;1\/3&#8243;][vc_icon type=&#8220;typicons&#8220; icon_typicons=&#8220;typcn typcn-compass&#8220; color=&#8220;chino&#8220;][vc_column_text]<\/p>\n<h3>Adresse<\/h3>\n<p>Calle Uni\u00f3, 2-A, 3\u00ba-A,<br \/>\n07001 Palma de Mallorca[\/vc_column_text][vc_empty_space][\/vc_column_inner][vc_column_inner width=&#8220;1\/3&#8243;][vc_icon type=&#8220;typicons&#8220; icon_typicons=&#8220;typcn typcn-phone-outline&#8220; color=&#8220;chino&#8220;][vc_column_text]<\/p>\n<h3>Telefon<\/h3>\n<p>Tel.: +34 971 71 92 50<br \/>\nFax: +34 971 72 34 13[\/vc_column_text][vc_empty_space][\/vc_column_inner][vc_column_inner width=&#8220;1\/3&#8243;][vc_icon type=&#8220;typicons&#8220; icon_typicons=&#8220;typcn typcn-mail&#8220; color=&#8220;chino&#8220;][vc_column_text]<\/p>\n<h3>E-Mail<\/h3>\n<p><a href=\"mailto:info@csm-abogados.com\" target=\"_blank\" rel=\"noopener\">info@csm-abogados.com<\/a>[\/vc_column_text][vc_empty_space][\/vc_column_inner][\/vc_row_inner][vc_column_text]<\/p>\n<h3>Formular<\/h3>\n<p>[\/vc_column_text]\n<div class=\"wpcf7 no-js\" id=\"wpcf7-f32601-o1\" lang=\"en-US\" dir=\"ltr\">\n<div class=\"screen-reader-response\"><p role=\"status\" aria-live=\"polite\" aria-atomic=\"true\"><\/p> <ul><\/ul><\/div>\n<form action=\"\/de\/wp-json\/wp\/v2\/pages\/32505#wpcf7-f32601-o1\" method=\"post\" class=\"wpcf7-form init form7_underline\" aria-label=\"Contact form\" novalidate=\"novalidate\" data-status=\"init\">\n<div style=\"display: none;\">\n<input type=\"hidden\" name=\"_wpcf7\" value=\"32601\" \/>\n<input type=\"hidden\" name=\"_wpcf7_version\" value=\"5.7.7\" \/>\n<input type=\"hidden\" name=\"_wpcf7_locale\" value=\"en_US\" \/>\n<input type=\"hidden\" name=\"_wpcf7_unit_tag\" value=\"wpcf7-f32601-o1\" \/>\n<input type=\"hidden\" name=\"_wpcf7_container_post\" value=\"0\" \/>\n<input type=\"hidden\" name=\"_wpcf7_posted_data_hash\" value=\"\" \/>\n<input type=\"hidden\" name=\"_wpcf7_recaptcha_response\" value=\"\" \/>\n<\/div>\n<div class=\"df_row-fluid\">\n\t<p class=\"df_span-sm-4\"><br \/>\n<span class=\"wpcf7-form-control-wrap\" data-name=\"your-name\"><input size=\"40\" class=\"wpcf7-form-control wpcf7-text wpcf7-validates-as-required\" aria-required=\"true\" aria-invalid=\"false\" placeholder=\"Name\" value=\"\" type=\"text\" name=\"your-name\" \/><\/span>\n\t<\/p>\n\t<p class=\"df_span-sm-4\"><br \/>\n<span class=\"wpcf7-form-control-wrap\" data-name=\"your-email\"><input size=\"40\" class=\"wpcf7-form-control wpcf7-text wpcf7-email wpcf7-validates-as-required wpcf7-validates-as-email\" aria-required=\"true\" aria-invalid=\"false\" placeholder=\"E-mail\" value=\"\" type=\"email\" name=\"your-email\" \/><\/span>\n\t<\/p>\n\t<p class=\"df_span-sm-4\"><br \/>\n<span class=\"wpcf7-form-control-wrap\" data-name=\"your-subject\"><input size=\"40\" class=\"wpcf7-form-control wpcf7-text\" aria-invalid=\"false\" placeholder=\"Betreff\" value=\"\" type=\"text\" name=\"your-subject\" \/><\/span>\n\t<\/p>\n\t<p class=\"df_span-sm-12\"><br \/>\n<span class=\"wpcf7-form-control-wrap\" data-name=\"your-message\"><textarea cols=\"40\" rows=\"10\" class=\"wpcf7-form-control wpcf7-textarea\" aria-invalid=\"false\" placeholder=\"Nachricht\" name=\"your-message\"><\/textarea><\/span>\n\t<\/p>\n\t<p class=\"df_span-sm-12\" ><input class=\"wpcf7-form-control has-spinner wpcf7-submit\" type=\"submit\" value=\"SENDEN\" \/>\n\t<\/p>\n<\/div>\n<p>Alle Felder sind erforderlich, um Ihre Anfrage zu beantworten.\n<\/p>\n<p><strong>Durch Klicken auf die Schaltfl\u00e4che \"SENDEN\" erkl\u00e4ren Sie, dass Sie die folgenden Datenschutzinformationen gelesen haben:<\/strong> Die f\u00fcr die Verarbeitung verantwortliche Gesellschaft ist CERD\u00d3, SALES & RUBIO ABOGADOS S.L. Der Zweck ist die Beantwortung Ihrer Anfrage. Sie haben das Recht auf Zugang, Berichtigung und L\u00f6schung der Daten sowie weitere Rechte, die in unserer <a href=\"http:\/\/csm-abogados.com\/de\/rechtliche-hinweise\/\">Datenschutzrichtlinie<\/a> erl\u00e4utert werden.\n<\/p><div class=\"wpcf7-response-output\" aria-hidden=\"true\"><\/div>\n<\/form>\n<\/div>\n[vc_empty_space][\/vc_column][vc_column width=&#8220;1\/3&#8243;][vc_empty_space height=&#8220;64px&#8220;][vc_column_text]<\/p>\n<h3>\u00d6ffnungszeiten<\/h3>\n<p>Montag bis Donnerstag: von 9:30 bis 14:00 Uhr und von 15:00 bis 18:30 Uhr. Freitag: 9:30 bis 15:00 Uhr.<\/p>\n<h3>Telefonische Beratung<\/h3>\n<p>Montag bis Freitag: von 9:30 bis 14:00 Uhr und von 16:00 bis 18:30 Uhr.<br \/>\n*Im August ist unser B\u00fcro nachmittags geschlossen.<br \/>\n*Am 24. Dezember und 1. Januar haben wir ganzt\u00e4gig geschlossen.[\/vc_column_text][vc_empty_space height=&#8220;64px&#8220;][\/vc_column][\/vc_row][vc_row full_width=&#8220;stretch_row_content_no_spaces&#8220; enable_parallax=&#8220;&#8220; parallax_speed=&#8220;0.5&#8243; css=&#8220;.vc_custom_1428989127829{margin-bottom: 0px !important;}&#8220;][vc_column]<div id=\"google-map-8083\" class=\"advanced-gmaps \" style=\"height:400px;width:100%;\" data-zoom=\"17\" data-pin-icon=\"\" data-latitude=\"39.571500\" data-longitude=\"2.647700\" data-address=\"Carrer de la Uni\u00f3, 2, Palma de Mallorca, Spain\"   data-pan-control=\"true\" data-zoom-control=\"true\" data-map-type-control=\"true\" data-scale-control=\"true\" data-draggable=\"false\" data-modify-coloring=\"true\" data-saturation=\"-50\" data-lightness=\"0\" data-hue=\"#ddc59d\"><\/div><script src=\"https:\/\/maps.google.com\/maps\/api\/js?key=AIzaSyCkNocVq86QtPjZxuWLsq-sKjHnTwy6DmE\" type=\"text\/javascript\"><\/script>[\/vc_column][\/vc_row]<\/p>\n<\/section>","protected":false},"excerpt":{"rendered":"<p>[vc_row css=&#8220;.vc_custom_1428992185575{margin-top: 60px !important;}&#8220; enable_parallax=&#8220;&#8220; parallax_speed=&#8220;0.5&#8243;][vc_column width=&#8220;2\/3&#8243;][vc_column_text]KONTAKT Suchen Sie kompetenten Rechtsbeistand? Unser Team von CSM-ABOGADOS steht Ihnen jederzeit zur Verf\u00fcgung. Wenn Sie uns Ihren Fall schildern m\u00f6chten, schicken Sie uns bitte das Formular mit Ihren Fragen und Bemerkungen. Sie k\u00f6nnen nat\u00fcrlich auch einen Termin vereinbaren und wir besprechen Ihr Anliegen bei einer Tasse Kaffee in [&hellip;]<a href=\"https:\/\/csm-abogados.com\/de\/kontakt\/\" class=\"df-link-excerpt\">Continue reading<\/a><\/p>\n","protected":false},"author":2,"featured_media":0,"parent":0,"menu_order":0,"comment_status":"closed","ping_status":"closed","template":"","meta":[],"_links":{"self":[{"href":"https:\/\/csm-abogados.com\/de\/wp-json\/wp\/v2\/pages\/32505"}],"collection":[{"href":"https:\/\/csm-abogados.com\/de\/wp-json\/wp\/v2\/pages"}],"about":[{"href":"https:\/\/csm-abogados.com\/de\/wp-json\/wp\/v2\/types\/page"}],"author":[{"embeddable":true,"href":"https:\/\/csm-abogados.com\/de\/wp-json\/wp\/v2\/users\/2"}],"replies":[{"embeddable":true,"href":"https:\/\/csm-abogados.com\/de\/wp-json\/wp\/v2\/comments?post=32505"}],"version-history":[{"count":7,"href":"https:\/\/csm-abogados.com\/de\/wp-json\/wp\/v2\/pages\/32505\/revisions"}],"predecessor-version":[{"id":32941,"href":"https:\/\/csm-abogados.com\/de\/wp-json\/wp\/v2\/pages\/32505\/revisions\/32941"}],"wp:attachment":[{"href":"https:\/\/csm-abogados.com\/de\/wp-json\/wp\/v2\/media?parent=32505"}],"curies":[{"name":"wp","href":"https:\/\/api.w.org\/{rel}","templated":true}]}}