{"id":32530,"date":"2016-02-17T16:40:40","date_gmt":"2016-02-17T16:40:40","guid":{"rendered":"http:\/\/csm-abogados.com\/de\/advertencias-legales\/"},"modified":"2023-07-31T20:22:27","modified_gmt":"2023-07-31T20:22:27","slug":"rechtliche-hinweise","status":"publish","type":"page","link":"https:\/\/csm-abogados.com\/de\/rechtliche-hinweise\/","title":{"rendered":"Rechtliche Hinweise"},"content":{"rendered":"<section class=\"wpb-content-wrapper\"><p>[vc_row][vc_column][vc_column_text]<\/p>\n<h1>Rechtlicher hinweis und nutzungsbedingungen f\u00fcr die website<\/h1>\n<p>Der Zugriff auf die Webseite csm-abogados.com verleiht den Status eines BENUTZERS und impliziert die vollst\u00e4ndige und uneingeschr\u00e4nkte Annahme der vorliegenden rechtlichen Hinweise und der Datenschutzbestimmungen in ihrer jeweils aktuellen Fassung, die mit dem Zugriff und\/oder der Nutzung einhergehen. Wir empfehlen Ihnen daher, diese Dokumente zu lesen, bevor Sie die von dieser Webseite angebotenen Funktionen nutzen, sowie jedes Mal, wenn Sie darauf zugreifen, da wir uns das Recht vorbehalten, diese Bedingungen jederzeit zu \u00e4ndern, zu modifizieren, zu erg\u00e4nzen oder zu l\u00f6schen.<\/p>\n<p>Der Zugriff auf die Webseite csm-abogados.com verleiht den Status eines BENUTZERS und impliziert die vollst\u00e4ndige und uneingeschr\u00e4nkte Annahme der vorliegenden rechtlichen Hinweise und der Datenschutzbestimmungen in ihrer jeweils aktuellen Fassung, die mit dem Zugriff und\/oder der Nutzung einhergehen. Wir empfehlen Ihnen daher, diese Dokumente zu lesen, bevor Sie die von dieser Webseite angebotenen Funktionen nutzen, sowie jedes Mal, wenn Sie darauf zugreifen, da wir uns das Recht vorbehalten, diese Bedingungen jederzeit zu \u00e4ndern, zu modifizieren, zu erg\u00e4nzen oder zu l\u00f6schen.<\/p>\n<p><strong>I. INHABER DER WEBSEITE<\/strong><\/p>\n<p>Gem\u00e4\u00df den Bestimmungen von Artikel 10 des Gesetzes 34\/2002 vom 11. Juli \u00fcber die Dienste der Informationsgesellschaft und den elektronischen Handel werden folgende Informationen \u00fcber den Inhaber dieser Webseite bereitgestellt:<\/p>\n<ul>\n<li>Inhaber der Webseite: CERD\u00d3 SALES &amp; RUBIO ABOGADOS, S.L. (weiterfolgend, DER INHABER)<\/li>\n<li>Gesellschaftssitz: calle Uni\u00f3n, 2A, 3\u00ba, Puerta A, 07001 Palma (IIles Balears)<\/li>\n<li>Steuernummer (C.I.F.) B57359697<\/li>\n<li>Registerdaten: eingeschrieben im Handelsregister von Mallorca, Band 2155, Buch 0, Blatt 22, Seite PM-51765, Einschreibung 4\u00aa<\/li>\n<\/ul>\n<p>Neben dem Gesellschaftssitz stehen den Nutzern die folgenden Kan\u00e4le zur Verf\u00fcgung, um ihre Antr\u00e4ge, Fragen oder Beschwerden zu \u00fcbermitteln:<\/p>\n<ul>\n<li>Kontaktformular der Webseite<\/li>\n<li><a href=\"mailto:info@csm-abogados.com\">info@csm-abogados.com<\/a><\/li>\n<li>Tel. 971 71 92 50<\/li>\n<li>Fax 971 72 34 13<\/li>\n<\/ul>\n<p><strong>II. NUTZUNGSBEDINGUNGEN<\/strong><\/p>\n<p><strong>1. Einleitung.<\/strong> Diese Website enth\u00e4lt Informationen \u00fcber das Portfolio der vom INHABER angebotenen juristischen Dienstleistungen. Mit dem Zugriff auf diese Webseite und ihrer Nutzung erkl\u00e4ren Sie sich mit den nachstehenden Bedingungen einverstanden. Wir empfehlen Ihnen daher, diesen Abschnitt sorgf\u00e4ltig zu lesen, bevor Sie die Webseite besuchen.<\/p>\n<p><strong>2. Verpflichtungen der Nutzer.<\/strong> Die Nutzer verpflichten sich, diese Website in rechtm\u00e4\u00dfiger Weise, in \u00dcbereinstimmung mit den Bestimmungen dieser Bedingungen und in einer Weise zu nutzen, die den Rechten oder Interessen des INHABERS oder Dritter keinen Schaden zuf\u00fcgt. Als Beispiel und in keiner Weise einschr\u00e4nkend oder ausschlie\u00dfend, verpflichtet sich der Nutzer auch dazu:<\/p>\n<ul>\n<li>sich nicht an Aktivit\u00e4ten zu beteiligen, die illegal sind oder gegen die \u00f6ffentliche Ordnung oder Treu und Glauben versto\u00dfen;<\/li>\n<li>die auf der Webseite ver\u00f6ffentlichten Daten nicht f\u00fcr den Versand unaufgeforderter Mitteilungen (Spam) zu verwenden;<\/li>\n<li>keine falschen, irref\u00fchrenden, zweideutigen oder ungenauen Informationen oder Inhalte auf der Webseite einzuf\u00fchren oder zu verbreiten, die die Empf\u00e4nger der Informationen in die Irre f\u00fchren, und keine Inhalte rassistischer, fremdenfeindlicher, pornografischer oder terroristischer Natur oder solche, die die Menschenrechte oder die Rechte von Minderj\u00e4hrigen verletzen, zu verbreiten;<\/li>\n<li>keine Handlungen vorzunehmen, die eine Verletzung der Rechte des geistigen Eigentums des INHABERS oder Dritter beinhalten oder zur Folge haben.;<\/li>\n<li>keine Sch\u00e4den an den physischen und logischen Systemen des INHABERS, seiner Lieferanten oder Dritter zu verursachen.;<\/li>\n<li>keine Computerviren einzuf\u00fchren oder zu verbreiten oder andere physische oder logische Systeme zu verwenden, die die oben genannten Sch\u00e4den verursachen k\u00f6nnen.<\/li>\n<li>keine Schutzvorrichtungen oder Sicherheitssysteme, die auf den Seiten dieser Webseite installiert sind, zu entfernen, zu ver\u00e4ndern, zu umgehen oder zu manipulieren.<\/li>\n<\/ul>\n<p><strong>3. Haftungsausschluss. Diese Website wird &#8222;so wie sie ist&#8220; zur Verf\u00fcgung gestellt und ihre Nutzung erfolgt auf eigenes Risiko des Benutzers, und daher haften weder der INHABER noch seine Administratoren, Angestellten, Lieferanten oder Mitarbeiter f\u00fcr Sch\u00e4den jeglicher Art, direkt oder anderweitig, die sich aus der Nutzung der Website ergeben, wobei der INHABER ausdr\u00fccklich und im vollen gesetzlich vorgesehenen Umfang jede Art von Garantien, ob ausdr\u00fccklich oder stillschweigend, ausschlie\u00dft.<\/strong><\/p>\n<p><strong>DER INHABER<\/strong> garantiert nicht die Verf\u00fcgbarkeit und Zug\u00e4nglichkeit der Webseite, obwohl er alle angemessenen Anstrengungen unternimmt, dies zu tun. Gelegentlich kann es zu zeitlichen Unterbrechungen kommen, die f\u00fcr die Durchf\u00fchrung der entsprechenden Wartungsarbeiten erforderlich sind.<\/p>\n<p><strong>DER INHABER<\/strong> haftet nicht f\u00fcr eventuelle Sch\u00e4den aufgrund von St\u00f6rungen, Unterbrechungen, Computerviren, Telefonausf\u00e4llen oder -unterbrechungen, die auf Ursachen zur\u00fcckzuf\u00fchren sind, die au\u00dferhalb seiner Kontrolle liegen; f\u00fcr Verz\u00f6gerungen oder Blockaden bei der Nutzung dieses elektronischen Systems, die auf M\u00e4ngel oder \u00dcberlastungen des Rechenzentrums, der Telefonleitungen, des Internetsystems oder anderer elektrischer Systeme zur\u00fcckzuf\u00fchren sind; und auch nicht f\u00fcr andere Ver\u00e4nderungen, die in der Software oder Hardware der Nutzer auftreten k\u00f6nnen. Er garantiert auch nicht die Abwesenheit von Viren, Malware, Trojanern oder anderen Elementen, die Ver\u00e4nderungen am Computersystem, an Dokumenten oder Dateien des Nutzers verursachen k\u00f6nnen, und schlie\u00dft jede Haftung f\u00fcr Sch\u00e4den jeglicher Art aus, die dem Nutzer aus diesem Grund entstehen. Ebenso haftet der <strong>INHABER<\/strong> nicht f\u00fcr Sch\u00e4den, die von Dritten durch unrechtm\u00e4\u00dfige Eingriffe au\u00dferhalb seiner Kontrolle verursacht werden.<\/p>\n<p>Er haftet weder f\u00fcr Sch\u00e4den, die durch die Nutzung oder den Missbrauch der Inhalte der Webseite verursacht werden, noch f\u00fcr Folgen, die sich aus Fehlern, M\u00e4ngeln oder Auslassungen in den Inhalten ergeben, die auf dieser Webseite erscheinen und von den Nutzern selbst oder anderen Dritten bereitgestellt werden. Der <strong>INHABER<\/strong> \u00fcbernimmt keinerlei Verpflichtung oder Haftung in Bezug auf die Dienstleistungen, die er nicht direkt anbietet.<\/p>\n<p><strong>4. Externe Links.<\/strong> Der <strong>INHABER<\/strong> \u00fcbernimmt unter keinen Umst\u00e4nden die Verantwortung f\u00fcr den Inhalt von Links, die zu einer externen Webseite geh\u00f6ren, noch garantiert er die technische Verf\u00fcgbarkeit, Qualit\u00e4t, Zuverl\u00e4ssigkeit, Genauigkeit, Vollst\u00e4ndigkeit, Wahrheitsgehalt, G\u00fcltigkeit und Rechtm\u00e4\u00dfigkeit von Material oder Informationen, die in einem dieser Hyperlinks oder anderen Internetseiten enthalten sind. Ebenso wenig bedeutet die Aufnahme dieser externen Verbindungen irgendeine Art von Assoziation, Fusion oder Beteiligung mit den verbundenen Einrichtungen.<\/p>\n<p><strong>5. Verarbeitung von personenbezogenen Daten.<\/strong> Die Nutzer k\u00f6nnen Informationen \u00fcber die Verarbeitung ihrer Daten und die Aus\u00fcbung ihrer Rechte auf Zugang, L\u00f6schung, Einschr\u00e4nkung und Berichtigung ihrer personenbezogenen Daten sowie das Recht auf Widerspruch gegen deren Verarbeitung und \u00dcbertragbarkeit in der auf der Homepage der Webseite verf\u00fcgbaren Datenschutzerkl\u00e4rung finden, die durch Verweis in diese Bedingungen aufgenommen wird.<\/p>\n<p><strong>6. Geistiges Eigentum und Urheberrecht.<\/strong> Unbeschadet der Inhalte, an denen Dritte geistige Rechte besitzen, sind die geistigen Eigentumsrechte der Webseite, des Domain-Namens, des Quellcodes, des Designs und der Navigationsstruktur und der darin enthaltenen Elemente (einschlie\u00dflich, aber nicht beschr\u00e4nkt auf Bilder, Ton, Audio, Video, Software oder Texte; Marken oder Logos, Farbkombinationen, Struktur und Design usw.) Eigentum des <strong>INHABERS<\/strong>, der das ausschlie\u00dfliche Recht hat, sie in jeder Form zu verwerten, und insbesondere die Rechte der Vervielf\u00e4ltigung, Verbreitung, \u00f6ffentlichen Kommunikation und Umwandlung derselben in jeder Form, sind Eigentum des INHABERS, der das ausschlie\u00dfliche Recht hat, sie in jeder Form zu verwerten. Die Vervielf\u00e4ltigung, die Verbreitung und die \u00f6ffentliche Wiedergabe, einschlie\u00dflich der Bereitstellung, des gesamten oder eines Teils des Inhalts dieser Webseite in einem beliebigen Medium und mit beliebigen technischen Mitteln ohne die Genehmigung des <strong>INHABERS<\/strong> oder gegebenenfalls der Dritten, die Inhaber der Rechte des geistigen Eigentums oder der Urheberrechte an den betreffenden Inhalten sind, sind ausdr\u00fccklich verboten. Ungeachtet des Vorstehenden kann der Nutzer der Webseite die Elemente dieser Webseite ansehen und sogar ausdrucken, kopieren und auf der Festplatte seines Computers oder einem anderen physischen Medium speichern, sofern dies einzig und allein zu seinem pers\u00f6nlichen und privaten Gebrauch geschieht. Diejenigen Einrichtungen oder Personen, die mit vorheriger Genehmigung des Inhabers dieser Webseite einen Link zu ihr einrichten wollen, m\u00fcssen garantieren, dass sie nur den Zugang zu dieser Webseite oder diesem Dienst erm\u00f6glichen, nicht aber deren Inhalte und Dienste reproduzieren.<\/p>\n<p><strong>7. Ung\u00fcltigkeit von Klauseln.<\/strong> Sollte eine Bestimmung dieser Nutzungsbedingungen f\u00fcr ung\u00fcltig erkl\u00e4rt werden, so betrifft dies nur die Bestimmung oder den Teil der Bestimmung, der f\u00fcr ung\u00fcltig erkl\u00e4rt wurde; die \u00fcbrigen Bedingungen bleiben in Kraft, und die Bestimmung oder der betroffene Teil gilt als nicht in diese Nutzungsbedingungen aufgenommen.<\/p>\n<p><strong>8. Akzeptanz.<\/strong> Der Zugriff auf die Webseite und ihre Nutzung impliziert zwangsl\u00e4ufig, dass jede einzelne dieser Nutzungsbedingungen von Ihnen ausdr\u00fccklich akzeptiert wird.<\/p>\n<p><strong>8. Anwendbares Recht und Gerichtsbarkeit.<\/strong> Diese Webseite unterliegt spanischem Recht unter Ausschluss der Kollisionsnormen. F\u00fcr alle Streitigkeiten, die sich aus ihrer Nutzung oder den mit ihr verbundenen Dienstleistungen ergeben, sind die nach den geltenden Vorschriften zust\u00e4ndigen Gerichte zust\u00e4ndig.<\/p>\n<p>Die Europ\u00e4ische Kommission stellt eine Online-Streitbeilegungsplattform f\u00fcr Verbraucher zur Verf\u00fcgung, auf die die Verbraucher unter folgendem Link zugreifen k\u00f6nnen: <a href=\"https:\/\/webgate.ec.europa.eu\/odr\/main\/index.cfm?event=main.home.chooseLanguage\" target=\"_blank\" rel=\"noopener\">https:\/\/webgate.ec.europa.eu\/odr\/main\/index.cfm?event=main.home.chooseLanguage<\/a>[\/vc_column_text][vc_empty_space height=&#8220;64px&#8220;][\/vc_column][\/vc_row]<\/p>\n<\/section>","protected":false},"excerpt":{"rendered":"<p>[vc_row][vc_column][vc_column_text] Rechtlicher hinweis und nutzungsbedingungen f\u00fcr die website Der Zugriff auf die Webseite csm-abogados.com verleiht den Status eines BENUTZERS und impliziert die vollst\u00e4ndige und uneingeschr\u00e4nkte Annahme der vorliegenden rechtlichen Hinweise und der Datenschutzbestimmungen in ihrer jeweils aktuellen Fassung, die mit dem Zugriff und\/oder der Nutzung einhergehen. Wir empfehlen Ihnen daher, diese Dokumente zu lesen, bevor [&hellip;]<a href=\"https:\/\/csm-abogados.com\/de\/rechtliche-hinweise\/\" class=\"df-link-excerpt\">Continue reading<\/a><\/p>\n","protected":false},"author":1,"featured_media":0,"parent":0,"menu_order":0,"comment_status":"closed","ping_status":"closed","template":"","meta":[],"_links":{"self":[{"href":"https:\/\/csm-abogados.com\/de\/wp-json\/wp\/v2\/pages\/32530"}],"collection":[{"href":"https:\/\/csm-abogados.com\/de\/wp-json\/wp\/v2\/pages"}],"about":[{"href":"https:\/\/csm-abogados.com\/de\/wp-json\/wp\/v2\/types\/page"}],"author":[{"embeddable":true,"href":"https:\/\/csm-abogados.com\/de\/wp-json\/wp\/v2\/users\/1"}],"replies":[{"embeddable":true,"href":"https:\/\/csm-abogados.com\/de\/wp-json\/wp\/v2\/comments?post=32530"}],"version-history":[{"count":3,"href":"https:\/\/csm-abogados.com\/de\/wp-json\/wp\/v2\/pages\/32530\/revisions"}],"predecessor-version":[{"id":32922,"href":"https:\/\/csm-abogados.com\/de\/wp-json\/wp\/v2\/pages\/32530\/revisions\/32922"}],"wp:attachment":[{"href":"https:\/\/csm-abogados.com\/de\/wp-json\/wp\/v2\/media?parent=32530"}],"curies":[{"name":"wp","href":"https:\/\/api.w.org\/{rel}","templated":true}]}}