{"id":32535,"date":"2016-02-17T16:51:56","date_gmt":"2016-02-17T16:51:56","guid":{"rendered":"http:\/\/csm-abogados.com\/de\/politica-de-cookies\/"},"modified":"2016-03-15T17:56:15","modified_gmt":"2016-03-15T17:56:15","slug":"cookie-politik","status":"publish","type":"page","link":"https:\/\/csm-abogados.com\/de\/cookie-politik\/","title":{"rendered":"Cookie-Politik"},"content":{"rendered":"<section class=\"wpb-content-wrapper\"><p>[vc_row][vc_column][vc_column_text]<\/p>\n<h1>Cookie-Politik<\/h1>\n<p>Auf unserer Website <a href=\"http:\/\/www.csm-abogados.com\">www.csm-abogados.com<\/a> verwenden wir Cookies, um unsere Dienstleistungen nutzerfreundlicher und effektiver zu machen. Wir m\u00f6chten Sie im Folgenden dar\u00fcber aufkl\u00e4ren, was Cookies sind, wozu sie dienen, welche Arten von Cookies wir zu welchem Zweck verwenden und wie Sie die Ablage von Cookies bei Bedarf einstellen oder ausschliessen k\u00f6nnen.<\/p>\n<p><strong>Was sind Cookies und wof\u00fcr werden sie benutzt?<\/strong><br \/>\nCookies sind kleine Dateien, die von einer Website geschickt und auf dem Rechner des Nutzers gespeichert werden. Beim n\u00e4chsten Besuch unserer Website, werden die Informationen der vorherigen Nutzung wieder erkannt. Cookies tragen entscheidend zur Funktionsweise des Internets bei und bieten unz\u00e4hlige Vorteile f\u00fcr die Bereitstellung interaktiver Dienstleistungen, indem sie f\u00fcr eine bequemere Navigation im Internet und mehr Benutzerfreundlichkeit sorgen.<\/p>\n<ul>\n<li>Namen und Passw\u00f6rter des Benutzers k\u00f6nnen gespeichert werden, damit keine erneute Eingabe erforderlich ist.<\/li>\n<li>Namen und Passw\u00f6rter des Benutzers k\u00f6nnen gespeichert werden, damit keine erneute Eingabe erforderlich ist.<\/li>\n<li>Zuvor ausgew\u00e4hlte Inhalt- oder Designoptionen k\u00f6nnen wiederverwendet werden.<\/li>\n<li>Informationen \u00fcber die Internetnutzung des Benutzers werden bereitgestellt.<\/li>\n<\/ul>\n<p>Cookies schaden Ihrem Rechner nicht. Aktivierte Cookies helfen uns sogar dabei, Fehler zu identifizieren und zu beseitigen.<\/p>\n<p><strong>Welche Arten von Cookies verwenden wir?<\/strong><br \/>\nEs gibt zwei Arten von Cookies, permanente und vor\u00fcbergehende Cookies (Sitzungscookies).<br \/>\nPermanente Cookies werden \u00fcber einen l\u00e4ngeren Zeitraum als Datei auf Ihrem Rechner oder Ihrem Mobilger\u00e4t gespeichert, jedoch nicht l\u00e4nger als 12 Monate.<br \/>\nTechnische Cookies: Diese Cookies erm\u00f6glichen die Funktionsweise einer Website.<br \/>\nAnalytische Cookies: Diese Cookies dienen dazu, Informationen \u00fcber Ihren Besuch auf unserer Website aufzuzeichnen, beispielsweise Ihren Browser-Typ, die Dauer Ihres Besuchs, usw.<br \/>\nProfilierende Cookies: Diese Cookies k\u00f6nnen beispielsweise geographische Daten aufzeichnen, um Ihnen f\u00fcr Sie interessante Werbebotschaften zu senden, die beispielsweise Ihr Land betreffen.<br \/>\nSitzungscookies werden vor\u00fcbergehend gespeichert werden beim Schlie\u00dfen des Browsers gel\u00f6scht.<\/p>\n<p><strong>Wie k\u00f6nnen Sie Cookies einstellen oder ausschliessen?<\/strong><br \/>\nWenn Sie die auf Ihrem Rechner installierten Cookies annehmen, \u00fcberpr\u00fcfen, blockieren oder l\u00f6schen m\u00f6chten, k\u00f6nnen Sie dies \u00fcber die Browsereinstellungen des auf Ihrem Rechner installierten Browsers t\u00e4tigen.<\/p>\n<p>F\u00fcr Firefox: <a href=\"https:\/\/support.mozilla.org\/de\/kb\/cookies-informationen-websites-auf-ihrem-computer\" target=\"_blank\">support.mozilla.org\/de\/kb\/cookies-informationen-websites-auf-ihrem-computer<\/a><br \/>\nF\u00fcr Chrome: <a href=\"http:\/\/support.google.com\/chrome\/answer\/95647?hl=de\" target=\"_blank\">support.google.com\/chrome\/answer\/95647?hl=de<\/a><br \/>\nF\u00fcr Explorer: <a href=\"http:\/\/windows.microsoft.com\/de-de\/windows-vista\/block-or-allow-cookies\" target=\"_blank\">windows.microsoft.com\/de-de\/windows-vista\/block-or-allow-cookies<\/a><br \/>\nF\u00fcr Safari: <a href=\"http:\/\/support.apple.com\/kb\/ph5042\" target=\"_blank\">support.apple.com\/kb\/ph5042<\/a><br \/>\nF\u00fcr Opera: <a href=\"http:\/\/help.opera.com\/Windows\/11.50\/es-ES\/cookies.html\" target=\"_blank\">help.opera.com\/Windows\/11.50\/es-ES\/cookies.html<\/a>[\/vc_column_text][vc_empty_space height=&#8220;64px&#8220;][\/vc_column][\/vc_row]<\/p>\n<\/section>","protected":false},"excerpt":{"rendered":"<p>[vc_row][vc_column][vc_column_text] Cookie-Politik Auf unserer Website www.csm-abogados.com verwenden wir Cookies, um unsere Dienstleistungen nutzerfreundlicher und effektiver zu machen. Wir m\u00f6chten Sie im Folgenden dar\u00fcber aufkl\u00e4ren, was Cookies sind, wozu sie dienen, welche Arten von Cookies wir zu welchem Zweck verwenden und wie Sie die Ablage von Cookies bei Bedarf einstellen oder ausschliessen k\u00f6nnen. Was sind Cookies [&hellip;]<a href=\"https:\/\/csm-abogados.com\/de\/cookie-politik\/\" class=\"df-link-excerpt\">Continue reading<\/a><\/p>\n","protected":false},"author":1,"featured_media":0,"parent":0,"menu_order":0,"comment_status":"closed","ping_status":"closed","template":"","meta":[],"_links":{"self":[{"href":"https:\/\/csm-abogados.com\/de\/wp-json\/wp\/v2\/pages\/32535"}],"collection":[{"href":"https:\/\/csm-abogados.com\/de\/wp-json\/wp\/v2\/pages"}],"about":[{"href":"https:\/\/csm-abogados.com\/de\/wp-json\/wp\/v2\/types\/page"}],"author":[{"embeddable":true,"href":"https:\/\/csm-abogados.com\/de\/wp-json\/wp\/v2\/users\/1"}],"replies":[{"embeddable":true,"href":"https:\/\/csm-abogados.com\/de\/wp-json\/wp\/v2\/comments?post=32535"}],"version-history":[{"count":2,"href":"https:\/\/csm-abogados.com\/de\/wp-json\/wp\/v2\/pages\/32535\/revisions"}],"predecessor-version":[{"id":32572,"href":"https:\/\/csm-abogados.com\/de\/wp-json\/wp\/v2\/pages\/32535\/revisions\/32572"}],"wp:attachment":[{"href":"https:\/\/csm-abogados.com\/de\/wp-json\/wp\/v2\/media?parent=32535"}],"curies":[{"name":"wp","href":"https:\/\/api.w.org\/{rel}","templated":true}]}}