{"id":32918,"date":"2023-07-31T19:47:23","date_gmt":"2023-07-31T19:47:23","guid":{"rendered":"https:\/\/csm-abogados.com\/?page_id=32918"},"modified":"2023-07-31T19:50:13","modified_gmt":"2023-07-31T19:50:13","slug":"datenschutzrichtlinie","status":"publish","type":"page","link":"https:\/\/csm-abogados.com\/de\/datenschutzrichtlinie\/","title":{"rendered":"Pol\u00edtica de privacidad"},"content":{"rendered":"<section class=\"wpb-content-wrapper\"><p>[vc_row][vc_column][vc_column_text]<\/p>\n<h1>Datenschutzrichtlinie web<\/h1>\n<p>Diese Datenschutzrichtlinie gilt f\u00fcr die Website <a href=\"https:\/\/csm-abogados.com\/\">www.csm-abogados.com<\/a><\/p>\n<p>Bitte lesen Sie sie sorgf\u00e4ltig durch. Sie enth\u00e4lt wichtige Informationen \u00fcber die Verarbeitung Ihrer pers\u00f6nlichen Daten und Ihre Rechte nach geltendem Recht.<\/p>\n<p>Wir behalten uns das Recht vor, unsere Datenschutzrichtlinie jederzeit aufgrund von Gesch\u00e4ftsentscheidungen sowie zur Anpassung an \u00c4nderungen in der Gesetzgebung oder Rechtsprechung zu aktualisieren. Wenn Sie Zweifel haben oder eine Kl\u00e4rung in Bezug auf unsere Datenschutzpolitik oder Ihre Rechte ben\u00f6tigen, k\u00f6nnen Sie uns \u00fcber die unten angegebenen Kan\u00e4le kontaktieren.<\/p>\n<p>Sie erkl\u00e4ren, dass die Daten, die Sie uns jetzt oder in Zukunft zur Verf\u00fcgung stellen, korrekt und wahrheitsgetreu sind, und Sie verpflichten sich, uns \u00fcber jede \u00c4nderung dieser Daten zu informieren. Wenn Sie uns personenbezogene Daten von Dritten zur Verf\u00fcgung stellen, verpflichten Sie sich, die vorherige Zustimmung der Betroffenen einzuholen und sie \u00fcber den Inhalt dieser Datenschutzerkl\u00e4rung zu informieren.<\/p>\n<p>Grunds\u00e4tzlich m\u00fcssen die als obligatorisch gekennzeichneten Felder in unseren Formularen ausgef\u00fcllt werden, um Ihre Anfragen bearbeiten zu k\u00f6nnen.<\/p>\n<p><strong>1. Wer ist f\u00fcr die Verarbeitung Ihrer Daten verantwortlich?<\/strong><\/p>\n<p>Verantwortlich f\u00fcr die Verarbeitung der auf dieser Website erfassten personenbezogenen Daten ist die Firma CERD\u00d3, SALES &amp; RUBIO ABOGADOS, S.L., Anschrift: calle Uni\u00f3n, n\u00ba 2 A, 3\u00ba, puerta A 07001 Palma de Mallorca, Illes Balears, Spanien; Telefon: (+34) 971 71 92 50; E-Mail: <a href=\"mailto:info@csm-abogados.com\">info@csm-abogados.com<\/a><\/p>\n<p><strong>2. Wof\u00fcr und auf welcher Rechtsgrundlage verarbeiten wir Ihre Daten?<\/strong><\/p>\n<p><strong>Verwaltung der Beziehungen zu den Besuchern und Nutzern der Website:<\/strong> Die von den Klienten in ihren Anfragen angegebenen Daten werden verarbeitet, um ihre Anfragen zu bearbeiten.\u202fDiese Verarbeitung ist f\u00fcr die Ausf\u00fchrung des Vertrags oder f\u00fcr die Anwendung vorvertraglicher Ma\u00dfnahmen auf Antrag der Interessenten erforderlich.<\/p>\n<p><strong>Verwaltung der Beziehungen zu Klienten:<\/strong> Die Daten der Klienten, die sie im Rahmen ihrer Konsultation, des Vertragsabschlusses und der Abwicklung von Angelegenheiten oder Auftr\u00e4gen zur Verf\u00fcgung stellen, werden f\u00fcr die effektive Erbringung der vertraglich vereinbarten oder angeforderten Dienstleistungen verarbeitet.<\/p>\n<p>Die f\u00fcr die Bezahlung der in Auftrag gegebenen Dienstleistungen angegebenen Bankdaten und die durch diese Transaktionen generierten Informationen werden f\u00fcr Buchhaltungs- und Verwaltungszwecke sowie zur Erf\u00fcllung gesetzlicher Verpflichtungen in Buchhaltungs- und Steuerfragen verarbeitet.<\/p>\n<p>Wenn Sie Informationen \u00fcber besondere Datenkategorien zur Verf\u00fcgung stellen, z. B. &#8211; aber nicht nur &#8211; Informationen \u00fcber Ihre Gesundheit, Ihre sexuelle Ausrichtung, Ihre ethnische oder rassische Herkunft, Ihre politischen Meinungen, Ihre religi\u00f6sen oder philosophischen \u00dcberzeugungen, Ihre Mitgliedschaft in einer Gewerkschaft oder Informationen \u00fcber gegenw\u00e4rtige oder k\u00fcnftige strafrechtliche Verurteilungen oder Straftaten, werden Sie dar\u00fcber informiert, dass diese Daten nur f\u00fcr die Erbringung der angeforderten Dienstleistung verarbeitet werden, und zwar auf der Grundlage der Notwendigkeit der Formulierung, der Aus\u00fcbung oder der Verteidigung von Anspr\u00fcchen in einem gerichtlichen, verwaltungsrechtlichen oder au\u00dfergerichtlichen Verfahren.<\/p>\n<p>Diese Verarbeitungen sind f\u00fcr die Erf\u00fcllung des Vertrags oder f\u00fcr die Durchf\u00fchrung vorvertraglicher Ma\u00dfnahmen auf Antrag der betroffenen Personen erforderlich.<\/p>\n<p><strong>Verwaltung von Lebensl\u00e4ufen:<\/strong> Die \u00fcber die Rubrik &#8222;TALENT&#8220; auf der Website zur Verf\u00fcgung gestellten Daten werden f\u00fcr die Verwaltung und Kontrolle unserer Personalauswahlverfahren verarbeitet. Diese Verarbeitung ist f\u00fcr Ihre Teilnahme an den vorgenannten Personalauswahlverfahren erforderlich und beruht auf der Zustimmung, die durch Ihre eigene Bewerbung zur Teilnahme erfolgt.\u202fSie k\u00f6nnen sich jederzeit wieder abmelden.<\/p>\n<p><strong>3. An wen k\u00f6nnen wir Ihre Daten weitergeben?<\/strong><\/p>\n<p>Ihre Daten werden nicht an Dritte weitergegeben, es sei denn, dies ist gesetzlich vorgeschrieben oder notwendig, um die von Ihnen gew\u00fcnschten Dienstleistungen zu erbringen, z. B. an \u00f6ffentliche Verwaltungen oder Einrichtungen, amtliche Stellen, Standesbeamte, Notare oder Anw\u00e4lte.<\/p>\n<p><strong>4. Wie lange werden wir Ihre Daten aufbewahren?<\/strong><\/p>\n<p>Im Allgemeinen bewahren wir Ihre Daten f\u00fcr die Dauer Ihrer Gesch\u00e4ftsbeziehung mit uns und in jedem Fall f\u00fcr die in den geltenden Rechtsvorschriften vorgesehenen Zeitr\u00e4ume sowie f\u00fcr den Zeitraum auf, der erforderlich ist, um etwaigen aus der Verarbeitung resultierenden Verpflichtungen nachzukommen. Wir werden Ihre Daten l\u00f6schen, wenn sie f\u00fcr die Zwecke, f\u00fcr die sie erhoben wurden, nicht mehr erforderlich oder relevant sind.<\/p>\n<p>Wir bewahren die \u00fcber die Rubrik &#8222;TALENT&#8220; \u00fcbermittelten Lebenslaufdaten bis zu einem Jahr nach der letzten Aktualisierung auf, so dass Sie einen neuen aktualisierten Lebenslauf einreichen m\u00fcssen, wenn Sie weiterhin an unseren Auswahlverfahren teilnehmen m\u00f6chten.<\/p>\n<p><strong>5. Was sind Ihre Rechte?<\/strong><\/p>\n<p>Sie haben das Recht, eine Best\u00e4tigung dar\u00fcber zu erhalten, ob wir Ihre personenbezogenen Daten verarbeiten oder nicht, und wenn ja, Zugang zu diesen Daten zu erhalten. Sie k\u00f6nnen auch verlangen, dass Ihre Daten berichtigt werden, wenn sie fehlerhaft sind, oder dass unvollst\u00e4ndige Daten vervollst\u00e4ndigt werden, sowie ihre L\u00f6schung verlangen, wenn die Daten unter anderem f\u00fcr die Zwecke, f\u00fcr die sie erfasst wurden, nicht mehr erforderlich sind.<\/p>\n<p>Unter bestimmten Umst\u00e4nden k\u00f6nnen Sie verlangen, dass wir die Verarbeitung Ihrer Daten einschr\u00e4nken. In diesem Fall werden wir die betreffenden Daten nur zur Geltendmachung, Aus\u00fcbung oder Verteidigung von Anspr\u00fcchen oder zum Schutz der Rechte anderer Personen verarbeiten. Unter bestimmten Voraussetzungen und aus Gr\u00fcnden, die sich aus Ihrer besonderen Situation ergeben, k\u00f6nnen Sie auch Widerspruch gegen die Verarbeitung Ihrer Daten einlegen. In diesem Fall werden wir die Verarbeitung der Daten einstellen, es sei denn, es liegen zwingende schutzw\u00fcrdige Gr\u00fcnde vor, die Ihre Interessen oder Rechte und Freiheiten \u00fcberwiegen, oder sie dienen der Geltendmachung, Aus\u00fcbung oder Verteidigung von Rechtsanspr\u00fcchen. Unter bestimmten Voraussetzungen k\u00f6nnen Sie auch die \u00dcbertragbarkeit Ihrer Daten an einen anderen f\u00fcr die Datenverarbeitung Verantwortlichen verlangen.<\/p>\n<p>Sie k\u00f6nnen Ihre Einwilligung f\u00fcr bestimmte Zwecke widerrufen, ohne dass die Rechtm\u00e4\u00dfigkeit der Verarbeitung, die auf Ihrer Einwilligung vor dem Widerruf beruht, ber\u00fchrt wird, und eine Beschwerde bei der spanischen Datenschutzbeh\u00f6rde einreichen.<\/p>\n<p>Um Ihre Rechte geltend zu machen, m\u00fcssen Sie uns einen Antrag zusammen mit einer Kopie Ihres Personalausweises oder eines anderen g\u00fcltigen Dokuments, das Sie ausweist, per Post oder E-Mail an die im Abschnitt &#8222;Wer ist f\u00fcr die Verarbeitung Ihrer Daten verantwortlich&#8220; angegebenen Adressen schicken.<\/p>\n<p>Weitere Informationen \u00fcber Ihre Rechte und wie Sie diese aus\u00fcben k\u00f6nnen, finden Sie auf der Website der spanischen Datenschutzbeh\u00f6rde unter <a href=\"https:\/\/www.aepd.es\">www.agpd.es<\/a>.[\/vc_column_text][\/vc_column][\/vc_row]<\/p>\n<\/section>","protected":false},"excerpt":{"rendered":"<p>[vc_row][vc_column][vc_column_text] Datenschutzrichtlinie web Diese Datenschutzrichtlinie gilt f\u00fcr die Website www.csm-abogados.com Bitte lesen Sie sie sorgf\u00e4ltig durch. Sie enth\u00e4lt wichtige Informationen \u00fcber die Verarbeitung Ihrer pers\u00f6nlichen Daten und Ihre Rechte nach geltendem Recht. Wir behalten uns das Recht vor, unsere Datenschutzrichtlinie jederzeit aufgrund von Gesch\u00e4ftsentscheidungen sowie zur Anpassung an \u00c4nderungen in der Gesetzgebung oder Rechtsprechung zu [&hellip;]<a href=\"https:\/\/csm-abogados.com\/de\/datenschutzrichtlinie\/\" class=\"df-link-excerpt\">Continue reading<\/a><\/p>\n","protected":false},"author":1,"featured_media":0,"parent":0,"menu_order":0,"comment_status":"closed","ping_status":"closed","template":"","meta":[],"_links":{"self":[{"href":"https:\/\/csm-abogados.com\/de\/wp-json\/wp\/v2\/pages\/32918"}],"collection":[{"href":"https:\/\/csm-abogados.com\/de\/wp-json\/wp\/v2\/pages"}],"about":[{"href":"https:\/\/csm-abogados.com\/de\/wp-json\/wp\/v2\/types\/page"}],"author":[{"embeddable":true,"href":"https:\/\/csm-abogados.com\/de\/wp-json\/wp\/v2\/users\/1"}],"replies":[{"embeddable":true,"href":"https:\/\/csm-abogados.com\/de\/wp-json\/wp\/v2\/comments?post=32918"}],"version-history":[{"count":2,"href":"https:\/\/csm-abogados.com\/de\/wp-json\/wp\/v2\/pages\/32918\/revisions"}],"predecessor-version":[{"id":32920,"href":"https:\/\/csm-abogados.com\/de\/wp-json\/wp\/v2\/pages\/32918\/revisions\/32920"}],"wp:attachment":[{"href":"https:\/\/csm-abogados.com\/de\/wp-json\/wp\/v2\/media?parent=32918"}],"curies":[{"name":"wp","href":"https:\/\/api.w.org\/{rel}","templated":true}]}}