{"id":32468,"date":"2015-04-20T04:48:50","date_gmt":"2015-04-20T04:48:50","guid":{"rendered":"http:\/\/csm-abogados.com\/en\/el-equipo\/"},"modified":"2023-07-28T18:53:57","modified_gmt":"2023-07-28T18:53:57","slug":"the-team","status":"publish","type":"page","link":"https:\/\/csm-abogados.com\/en\/the-team\/","title":{"rendered":"The Team"},"content":{"rendered":"<section class=\"wpb-content-wrapper\"><p>[vc_row][vc_column][vc_empty_space height=&#8221;64px&#8221;][vc_column_text]<\/p>\n<p style=\"text-align: center;\"><span style=\"color: #a78f68;\"><strong>THE TEAM<\/strong><\/span><\/p>\n<h1 style=\"text-align: center;\">Enjoy local knowledge and international experience<\/h1>\n<p style=\"text-align: center;\">The legal excellence you are looking for is here.<br \/>\nWe are lawyers recognised as experts in our respective areas of legal practice in Palma de Mallorca.<br \/>\nAt <strong>CSM-ABOGADOS<\/strong> we offer our clients viable and strategic solutions in accordance with their business needs.<br \/>\nWe face complex cases that require us to evolve and strengthen our team spirit on a daily basis.<br \/>\nWe are passionate about law. Meet us and you will feel confident and secure.<\/p>\n<p>[\/vc_column_text][vc_empty_space][\/vc_column][\/vc_row][vc_row css=&#8221;.vc_custom_1639578869941{margin-bottom: 120px !important;}&#8221; enable_parallax=&#8221;&#8221; parallax_speed=&#8221;0.5&#8243;][vc_column width=&#8221;1\/3&#8243;]<div class=\"member style2\" onclick=\"void(0)\">\r\n                  <div class=\"member-image\"><a href='\/en\/the-team\/manuel-cerdo-haitz\/'><img src='https:\/\/csm-abogados.com\/wp\/wp-content\/uploads\/manuel_ch_RET.jpg' alt='image' \/><\/a><\/div>\r\n                  <div class=\"member-desc-inner\"><\/div>\r\n                  <div class=\"member-desc-warp\">\r\n                      <h3 class=\"title-sc member-name\"><a href=\"\/en\/the-team\/manuel-cerdo-haitz\/\">Manuel Cerd\u00f3 Haitz (Partner)<\/a><\/h3>\r\n                      <p class=\"member-role\">Lawyer<\/p>\r\n                     \r\n                  <\/div>\r\n                <\/div>[\/vc_column][vc_column width=&#8221;1\/3&#8243;]<div class=\"member style2\" onclick=\"void(0)\">\r\n                  <div class=\"member-image\"><a href='\/en\/the-team\/francisco-sales-sureda\/'><img src='https:\/\/csm-abogados.com\/wp\/wp-content\/uploads\/franciscosales_RET.jpg' alt='image' \/><\/a><\/div>\r\n                  <div class=\"member-desc-inner\"><\/div>\r\n                  <div class=\"member-desc-warp\">\r\n                      <h3 class=\"title-sc member-name\"><a href=\"\/en\/the-team\/francisco-sales-sureda\/\">Francisco Sales Sureda (Partner)<\/a><\/h3>\r\n                      <p class=\"member-role\">Lawyer<\/p>\r\n                     \r\n                  <\/div>\r\n                <\/div>[\/vc_column][vc_column width=&#8221;1\/3&#8243;]<div class=\"member style2\" onclick=\"void(0)\">\r\n                  <div class=\"member-image\"><a href='\/en\/the-team\/marta-rubio-losada\/'><img src='https:\/\/csm-abogados.com\/wp\/wp-content\/uploads\/martarubio_RET.jpg' alt='image' \/><\/a><\/div>\r\n                  <div class=\"member-desc-inner\"><\/div>\r\n                  <div class=\"member-desc-warp\">\r\n                      <h3 class=\"title-sc member-name\"><a href=\"\/en\/the-team\/marta-rubio-losada\/\">Marta Rubio Losada (Partner)<\/a><\/h3>\r\n                      <p class=\"member-role\">Lawyer and Tax Advisor<\/p>\r\n                     \r\n                  <\/div>\r\n                <\/div>[\/vc_column][\/vc_row][vc_row css=&#8221;.vc_custom_1429612510603{margin-bottom: 60px !important;}&#8221; enable_parallax=&#8221;&#8221; parallax_speed=&#8221;0.5&#8243;][vc_column width=&#8221;1\/3&#8243;]<div class=\"member style2\" onclick=\"void(0)\">\r\n                  <div class=\"member-image\"><a href='mailto:mora@csm-abogados.com'><img src='https:\/\/csm-abogados.com\/wp\/wp-content\/uploads\/mariaantonia_RET.jpg' alt='image' \/><\/a><\/div>\r\n                  <div class=\"member-desc-inner\"><\/div>\r\n                  <div class=\"member-desc-warp\">\r\n                      <h3 class=\"title-sc member-name\"><a href=\"mailto:mora@csm-abogados.com\">Mar\u00eda Antonia Mora Garc\u00edas<\/a><\/h3>\r\n                      <p class=\"member-role\">Lawyer<\/p>\r\n                      <p class=\"member-content\">Law degree from the University of the Balearic Islands, 2002. Admitted to the Balearic Islands Bar Association in October 2002.<br \/>\n<strong>Languages:<\/strong> Spanish, Catalan and English.<\/p>\r\n                  <\/div>\r\n                <\/div>[\/vc_column][vc_column width=&#8221;1\/3&#8243;]<div class=\"member style2\" onclick=\"void(0)\">\r\n                  <div class=\"member-image\"><a href='mailto:msanchez@csm-abogados.com'><img src='https:\/\/csm-abogados.com\/wp\/wp-content\/uploads\/manuelasanchez_RET.jpg' alt='image' \/><\/a><\/div>\r\n                  <div class=\"member-desc-inner\"><\/div>\r\n                  <div class=\"member-desc-warp\">\r\n                      <h3 class=\"title-sc member-name\"><a href=\"mailto:msanchez@csm-abogados.com\">Manuela S\u00e1nchez Cerezo<\/a><\/h3>\r\n                      <p class=\"member-role\">Tax Advisor<\/p>\r\n                      <p class=\"member-content\">Economics Degree from the University of the Balearic Islands, 1991.<br \/>\n<strong>Languages:<\/strong> Spanish and Catalan.<\/p>\r\n                  <\/div>\r\n                <\/div>[\/vc_column][vc_column width=&#8221;1\/3&#8243;]<div class=\"member style2\" onclick=\"void(0)\">\r\n                  <div class=\"member-image\"><a href='mailto:info@csm-abogados.com'><img src='https:\/\/csm-abogados.com\/wp\/wp-content\/uploads\/belen-ripoll-de-oleza-1.jpg' alt='image' \/><\/a><\/div>\r\n                  <div class=\"member-desc-inner\"><\/div>\r\n                  <div class=\"member-desc-warp\">\r\n                      <h3 class=\"title-sc member-name\"><a href=\"mailto:info@csm-abogados.com\">Bel\u00e9n Ripoll de Oleza<\/a><\/h3>\r\n                      <p class=\"member-role\">Lawyer<\/p>\r\n                      <p class=\"member-content\">Law degree from the University of the Balearic Islands, 1989. Master\u2019s Degree in Legal and Tax Advisory by Arthur Andersen Asesores Legales y Tributarios y Cia. Superior Course in Administrative and Financial Management by Fordertel SL. Executive Compliance Officer Program by Wolters Kluwer Espa\u00f1a SA.<br \/>\n<strong>Languages:<\/strong> Spanish, English.<\/p>\r\n                  <\/div>\r\n                <\/div>[\/vc_column][\/vc_row][vc_row css=&#8221;.vc_custom_1429612510603{margin-bottom: 60px !important;}&#8221; enable_parallax=&#8221;&#8221; parallax_speed=&#8221;0.5&#8243;][vc_column width=&#8221;1\/3&#8243;]<div class=\"member style2\" onclick=\"void(0)\">\r\n                  <div class=\"member-image\"><a href='mailto:info@csm-abogados.com'><img src='https:\/\/csm-abogados.com\/wp\/wp-content\/uploads\/abogada-elena.jpg' alt='image' \/><\/a><\/div>\r\n                  <div class=\"member-desc-inner\"><\/div>\r\n                  <div class=\"member-desc-warp\">\r\n                      <h3 class=\"title-sc member-name\"><a href=\"mailto:info@csm-abogados.com\">Elena Garc\u00eda Carpallo<\/a><\/h3>\r\n                      <p class=\"member-role\">Lawyer<\/p>\r\n                      <p class=\"member-content\">Law degree from the University of the Balearic Islands, 2013. Master\u2019s Degree in Legal Practice from the University of the Balearic Islands, 2014. Admitted to the Balearic Islands Bar Association in January 2016.<br \/>\n<strong>Languages:<\/strong> Spanish, Catalan, English, German and Italian.<\/p>\r\n                  <\/div>\r\n                <\/div>[\/vc_column][vc_column width=&#8221;1\/3&#8243;]<div class=\"member style2\" onclick=\"void(0)\">\r\n                  <div class=\"member-image\"><a href='mailto:info@csm-abogados.com'><img src='https:\/\/csm-abogados.com\/wp\/wp-content\/uploads\/margit_RET.jpg' alt='image' \/><\/a><\/div>\r\n                  <div class=\"member-desc-inner\"><\/div>\r\n                  <div class=\"member-desc-warp\">\r\n                      <h3 class=\"title-sc member-name\"><a href=\"mailto:info@csm-abogados.com\">Margit M. Pahl<\/a><\/h3>\r\n                      <p class=\"member-role\">P.A.<\/p>\r\n                      <p class=\"member-content\"><strong>Languages:<\/strong> castellano, alem\u00e1n, ingl\u00e9s, franc\u00e9s, catal\u00e1n.<\/p>\r\n                  <\/div>\r\n                <\/div>[\/vc_column][vc_column width=&#8221;1\/3&#8243;]<div class=\"member style2\" onclick=\"void(0)\">\r\n                  <div class=\"member-image\"><a href='mailto:eorda@csm-abogados.com'><img src='https:\/\/csm-abogados.com\/wp\/wp-content\/uploads\/emilia-orda.jpg' alt='image' \/><\/a><\/div>\r\n                  <div class=\"member-desc-inner\"><\/div>\r\n                  <div class=\"member-desc-warp\">\r\n                      <h3 class=\"title-sc member-name\"><a href=\"mailto:eorda@csm-abogados.com\">Emilia Orda<\/a><\/h3>\r\n                      <p class=\"member-role\">P.A.<\/p>\r\n                      <p class=\"member-content\"><strong>Languages:<\/strong> Spanish, German, English and Polish.<\/p>\r\n                  <\/div>\r\n                <\/div>[\/vc_column][\/vc_row][vc_row css=&#8221;.vc_custom_1429612510603{margin-bottom: 60px !important;}&#8221; enable_parallax=&#8221;&#8221; parallax_speed=&#8221;0.5&#8243;][vc_column width=&#8221;1\/3&#8243;]<div class=\"member style2\" onclick=\"void(0)\">\r\n                  <div class=\"member-image\"><a href='mailto:christafehr@csm-abogados.com'><img src='https:\/\/csm-abogados.com\/wp\/wp-content\/uploads\/christaneu_RET.jpg' alt='image' \/><\/a><\/div>\r\n                  <div class=\"member-desc-inner\"><\/div>\r\n                  <div class=\"member-desc-warp\">\r\n                      <h3 class=\"title-sc member-name\"><a href=\"mailto:christafehr@csm-abogados.com\">Christa Fehr<\/a><\/h3>\r\n                      <p class=\"member-role\">Accounts Manager<\/p>\r\n                      <p class=\"member-content\"><strong>Languages:<\/strong> Spanish, German and English.<\/p>\r\n                  <\/div>\r\n                <\/div>[\/vc_column][vc_column width=&#8221;1\/3&#8243;]<div class=\"member style2\" onclick=\"void(0)\">\r\n                  <div class=\"member-image\"><a href='mailto:secretariado@csm-abogados.com'><img src='https:\/\/csm-abogados.com\/wp\/wp-content\/uploads\/anaquetglas_RET.jpg' alt='image' \/><\/a><\/div>\r\n                  <div class=\"member-desc-inner\"><\/div>\r\n                  <div class=\"member-desc-warp\">\r\n                      <h3 class=\"title-sc member-name\"><a href=\"mailto:secretariado@csm-abogados.com\">Ana Mar\u00eda Quetglas Arb\u00f3s<\/a><\/h3>\r\n                      <p class=\"member-role\">Secretary<\/p>\r\n                     \r\n                  <\/div>\r\n                <\/div>[\/vc_column][vc_column width=&#8221;1\/3&#8243;][\/vc_column][\/vc_row][vc_row full_width=&#8221;stretch_row&#8221; parallax=&#8221;content-moving&#8221; parallax_image=&#8221;32225&#8243; css=&#8221;.vc_custom_1454063949992{padding-top: 64px !important;padding-bottom: 64px !important;}&#8221;][vc_column][vc_column_text]<\/p>\n<h2 class=\"banner-text\" style=\"text-align: center;\"><span style=\"color: #ffffff;\">CSM-ABOGADOS<\/span><br \/>\n<span style=\"color: #ffffff;\">A LEGAL SERVICES LEADER IN PALMA DE MALLORCA SINCE 1995<\/span><\/h2>\n<p>[\/vc_column_text][\/vc_column][\/vc_row][vc_row][vc_column][vc_empty_space][vc_column_text]<\/p>\n<h1 style=\"text-align: center;\">Form<\/h1>\n<p style=\"text-align: center;\">We will help you find the most appropriate legal solution.<br \/>\nContact us today so we can assist you with your case.<\/p>\n<p>[\/vc_column_text][vc_empty_space height=&#8221;10px&#8221;]\n<div class=\"wpcf7 no-js\" id=\"wpcf7-f32600-o1\" lang=\"en-US\" dir=\"ltr\">\n<div class=\"screen-reader-response\"><p role=\"status\" aria-live=\"polite\" aria-atomic=\"true\"><\/p> <ul><\/ul><\/div>\n<form action=\"\/en\/wp-json\/wp\/v2\/pages\/32468#wpcf7-f32600-o1\" method=\"post\" class=\"wpcf7-form init\" aria-label=\"Contact form\" novalidate=\"novalidate\" data-status=\"init\">\n<div style=\"display: none;\">\n<input type=\"hidden\" name=\"_wpcf7\" value=\"32600\" \/>\n<input type=\"hidden\" name=\"_wpcf7_version\" value=\"5.7.7\" \/>\n<input type=\"hidden\" name=\"_wpcf7_locale\" value=\"en_US\" \/>\n<input type=\"hidden\" name=\"_wpcf7_unit_tag\" value=\"wpcf7-f32600-o1\" \/>\n<input type=\"hidden\" name=\"_wpcf7_container_post\" value=\"0\" \/>\n<input type=\"hidden\" name=\"_wpcf7_posted_data_hash\" value=\"\" \/>\n<input type=\"hidden\" name=\"_wpcf7_recaptcha_response\" value=\"\" \/>\n<\/div>\n<div class=\"df_row-fluid\">\n\t<p class=\"df_span-sm-4\"><br \/>\n<span class=\"wpcf7-form-control-wrap\" data-name=\"your-name\"><input size=\"40\" class=\"wpcf7-form-control wpcf7-text wpcf7-validates-as-required\" aria-required=\"true\" aria-invalid=\"false\" placeholder=\"Name\" value=\"\" type=\"text\" name=\"your-name\" \/><\/span>\n\t<\/p>\n\t<p class=\"df_span-sm-4\"><br \/>\n<span class=\"wpcf7-form-control-wrap\" data-name=\"your-email\"><input size=\"40\" class=\"wpcf7-form-control wpcf7-text wpcf7-email wpcf7-validates-as-required wpcf7-validates-as-email\" aria-required=\"true\" aria-invalid=\"false\" placeholder=\"E-mail\" value=\"\" type=\"email\" name=\"your-email\" \/><\/span>\n\t<\/p>\n\t<p class=\"df_span-sm-4\"><br \/>\n<span class=\"wpcf7-form-control-wrap\" data-name=\"your-subject\"><input size=\"40\" class=\"wpcf7-form-control wpcf7-text\" aria-invalid=\"false\" placeholder=\"Subject\" value=\"\" type=\"text\" name=\"your-subject\" \/><\/span>\n\t<\/p>\n\t<p class=\"df_span-sm-12\"><br \/>\n<span class=\"wpcf7-form-control-wrap\" data-name=\"your-message\"><textarea cols=\"40\" rows=\"10\" class=\"wpcf7-form-control wpcf7-textarea\" aria-invalid=\"false\" placeholder=\"Comments\" name=\"your-message\"><\/textarea><\/span>\n\t<\/p>\n\t<p class=\"df_span-sm-12\" ><input class=\"wpcf7-form-control has-spinner wpcf7-submit\" type=\"submit\" value=\"Send\" \/>\n\t<\/p>\n<\/div>\n<p>All fields are required to answer your query.\n<\/p>\n<p><strong>By clicking the \"SEND\" button, you declare that you have read the following privacy information:<\/strong> The entity responsible for the processing is CERD\u00d3, SALES & RUBIO ABOGADOS S.L. The purpose is to respond to your request. You have the right to access, rectify and delete the data, as well as other rights as explained in our <a href=\"https:\/\/csm-abogados.com\/en\/privacy-policy\/\">Privacy Policy<\/a>\n<\/p><div class=\"wpcf7-response-output\" aria-hidden=\"true\"><\/div>\n<\/form>\n<\/div>\n[vc_empty_space height=&#8221;64px&#8221;][\/vc_column][\/vc_row]<\/p>\n<\/section>","protected":false},"excerpt":{"rendered":"<p>[vc_row][vc_column][vc_empty_space height=&#8221;64px&#8221;][vc_column_text] THE TEAM Enjoy local knowledge and international experience The legal excellence you are looking for is here. We are lawyers recognised as experts in our respective areas of legal practice in Palma de Mallorca. At CSM-ABOGADOS we offer our clients viable and strategic solutions in accordance with their business needs. We face complex [&hellip;]<a href=\"https:\/\/csm-abogados.com\/en\/the-team\/\" class=\"df-link-excerpt\">Continue reading<\/a><\/p>\n","protected":false},"author":2,"featured_media":0,"parent":0,"menu_order":0,"comment_status":"closed","ping_status":"closed","template":"","meta":[],"_links":{"self":[{"href":"https:\/\/csm-abogados.com\/en\/wp-json\/wp\/v2\/pages\/32468"}],"collection":[{"href":"https:\/\/csm-abogados.com\/en\/wp-json\/wp\/v2\/pages"}],"about":[{"href":"https:\/\/csm-abogados.com\/en\/wp-json\/wp\/v2\/types\/page"}],"author":[{"embeddable":true,"href":"https:\/\/csm-abogados.com\/en\/wp-json\/wp\/v2\/users\/2"}],"replies":[{"embeddable":true,"href":"https:\/\/csm-abogados.com\/en\/wp-json\/wp\/v2\/comments?post=32468"}],"version-history":[{"count":23,"href":"https:\/\/csm-abogados.com\/en\/wp-json\/wp\/v2\/pages\/32468\/revisions"}],"predecessor-version":[{"id":32905,"href":"https:\/\/csm-abogados.com\/en\/wp-json\/wp\/v2\/pages\/32468\/revisions\/32905"}],"wp:attachment":[{"href":"https:\/\/csm-abogados.com\/en\/wp-json\/wp\/v2\/media?parent=32468"}],"curies":[{"name":"wp","href":"https:\/\/api.w.org\/{rel}","templated":true}]}}